{"id":5090,"date":"2020-09-16T12:30:40","date_gmt":"2020-09-16T10:30:40","guid":{"rendered":"https:\/\/campingdelalaune.com\/rates\/"},"modified":"2026-02-09T15:35:18","modified_gmt":"2026-02-09T14:35:18","slug":"rates","status":"publish","type":"page","link":"https:\/\/campingdelalaune.com\/en\/rates\/","title":{"rendered":"Rates"},"content":{"rendered":"<p><div class=\"fusion-fullwidth fullwidth-box fusion-builder-row-1 nonhundred-percent-fullwidth non-hundred-percent-height-scrolling\" style=\"--awb-border-radius-top-left:0px;--awb-border-radius-top-right:0px;--awb-border-radius-bottom-right:0px;--awb-border-radius-bottom-left:0px;--awb-padding-top:0px;--awb-padding-right:0px;--awb-padding-bottom:0px;--awb-padding-left:0px;--awb-margin-top:0px;--awb-margin-bottom:40px;--awb-background-color:#ffffff;--awb-flex-wrap:wrap;\" ><div class=\"fusion-builder-row fusion-row\"><div class=\"fusion-layout-column fusion_builder_column fusion-builder-column-0 fusion_builder_column_1_5 1_5 fusion-one-fifth fusion-column-first fusion-no-small-visibility\" style=\"--awb-bg-size:cover;width:20%;width:calc(20% - ( ( 4% + 4% ) * 0.2 ) );margin-right: 4%;\"><div class=\"fusion-column-wrapper fusion-flex-column-wrapper-legacy\"><div class=\"fusion-clearfix\"><\/div><\/div><\/div><div class=\"fusion-layout-column fusion_builder_column fusion-builder-column-1 fusion_builder_column_3_5 3_5 fusion-three-fifth\" style=\"--awb-padding-right:100px;--awb-padding-left:100px;--awb-bg-color:#ffffff;--awb-bg-color-hover:#ffffff;--awb-bg-size:cover;width:60%;width:calc(60% - ( ( 4% + 4% ) * 0.6 ) );margin-right: 4%;\"><div class=\"fusion-column-wrapper fusion-column-has-shadow fusion-flex-column-wrapper-legacy\"><div class=\"fusion-text fusion-text-1\"><p style=\"text-align: center;\">ACCOMMODATIONS<\/p>\n<\/div><div class=\"fusion-text fusion-text-2\"><h1 style=\"text-align: center;\">2026&nbsp; RATES<\/h1>\n<\/div><div class=\"fusion-sep-clear\"><\/div><div class=\"fusion-separator\" style=\"margin-left: auto;margin-right: auto;margin-top:0px;margin-bottom:0px;width:100%;max-width:70px;\"><div class=\"fusion-separator-border sep-single sep-solid\" style=\"--awb-height:20px;--awb-amount:20px;--awb-sep-color:#23cbed;border-color:#23cbed;border-top-width:3px;\"><\/div><\/div><div class=\"fusion-sep-clear\"><\/div><div class=\"fusion-clearfix\"><\/div><\/div><\/div><div class=\"fusion-layout-column fusion_builder_column fusion-builder-column-2 fusion_builder_column_1_5 1_5 fusion-one-fifth fusion-column-last fusion-no-small-visibility\" style=\"--awb-bg-size:cover;width:20%;width:calc(20% - ( ( 4% + 4% ) * 0.2 ) );\"><div class=\"fusion-column-wrapper fusion-flex-column-wrapper-legacy\"><div class=\"fusion-clearfix\"><\/div><\/div><\/div><\/div><\/div><div class=\"fusion-fullwidth fullwidth-box fusion-builder-row-2 fusion-flex-container nonhundred-percent-fullwidth non-hundred-percent-height-scrolling\" style=\"--awb-border-radius-top-left:0px;--awb-border-radius-top-right:0px;--awb-border-radius-bottom-right:0px;--awb-border-radius-bottom-left:0px;--awb-padding-top:50px;--awb-padding-right:0px;--awb-padding-bottom:50px;--awb-padding-left:0px;--awb-padding-right-small:10px;--awb-padding-left-small:10px;--awb-margin-top:0px;--awb-margin-bottom:0px;--awb-background-color:#eef7f7;--awb-flex-wrap:wrap;\" id=\"pitches 24\" ><div class=\"fusion-builder-row fusion-row fusion-flex-align-items-center fusion-flex-justify-content-center fusion-flex-content-wrap\" style=\"max-width:1404px;margin-left: calc(-4% \/ 2 );margin-right: calc(-4% \/ 2 );\"><div class=\"fusion-layout-column fusion_builder_column fusion-builder-column-3 fusion_builder_column_2_5 2_5 fusion-flex-column\" style=\"--awb-bg-size:cover;--awb-width-large:40%;--awb-margin-top-large:30px;--awb-spacing-right-large:4.8%;--awb-margin-bottom-large:0px;--awb-spacing-left-large:4.8%;--awb-width-medium:100%;--awb-order-medium:0;--awb-spacing-right-medium:1.92%;--awb-spacing-left-medium:1.92%;--awb-width-small:100%;--awb-order-small:0;--awb-spacing-right-small:1.92%;--awb-spacing-left-small:1.92%;\"><div class=\"fusion-column-wrapper fusion-column-has-shadow fusion-flex-justify-content-flex-start fusion-content-layout-column\"><div class=\"fusion-separator fusion-full-width-sep\" style=\"align-self: center;margin-left: auto;margin-right: auto;margin-top:20px;width:100%;\"><\/div><div class=\"fusion-image-element \" style=\"text-align:center;--awb-liftup-border-radius:0px;--awb-caption-title-font-family:var(--h2_typography-font-family);--awb-caption-title-font-weight:var(--h2_typography-font-weight);--awb-caption-title-font-style:var(--h2_typography-font-style);--awb-caption-title-size:var(--h2_typography-font-size);--awb-caption-title-transform:var(--h2_typography-text-transform);--awb-caption-title-line-height:var(--h2_typography-line-height);--awb-caption-title-letter-spacing:var(--h2_typography-letter-spacing);\"><div class=\"awb-image-frame awb-image-frame-1 imageframe-liftup\"><span class=\" fusion-imageframe imageframe-none imageframe-1\"><a href=\"https:\/\/campingdelalaune.com\/wp-content\/uploads\/2026\/02\/Pitch-rates-2026-pdf.jpg\" class=\"fusion-lightbox\" data-rel=\"iLightbox[c10f9376817612f06c1]\" data-title=\"Pitch rates 2026\" title=\"Pitch rates 2026\"><img decoding=\"async\" width=\"1058\" height=\"1497\" src=\"https:\/\/campingdelalaune.com\/wp-content\/uploads\/2026\/02\/Pitch-rates-2026-pdf.jpg\" alt class=\"img-responsive wp-image-6453\"\/><\/a><\/span><\/div><\/div><div class=\"fusion-separator fusion-full-width-sep\" style=\"align-self: center;margin-left: auto;margin-right: auto;margin-top:20px;width:100%;\"><\/div><div class=\"fusion-text fusion-text-3\"><p style=\"text-align: center;\"><span style=\"text-decoration: underline;\"><strong><a href=\"\/wp-content\/uploads\/2020\/07\/CGV-1.pdf\" target=\"_blank\" rel=\"noopener noreferrer\">Consult our general terms and conditions of sale <\/a><\/strong><\/span><\/p>\n<\/div><\/div><\/div><div class=\"fusion-layout-column fusion_builder_column fusion-builder-column-4 fusion_builder_column_2_5 2_5 fusion-flex-column\" style=\"--awb-bg-size:cover;--awb-width-large:40%;--awb-margin-top-large:30px;--awb-spacing-right-large:4.8%;--awb-margin-bottom-large:0px;--awb-spacing-left-large:4.8%;--awb-width-medium:100%;--awb-order-medium:0;--awb-spacing-right-medium:1.92%;--awb-spacing-left-medium:1.92%;--awb-width-small:100%;--awb-order-small:0;--awb-spacing-right-small:1.92%;--awb-spacing-left-small:1.92%;\"><div class=\"fusion-column-wrapper fusion-column-has-shadow fusion-flex-justify-content-flex-start fusion-content-layout-column\"><div class=\"fusion-separator fusion-full-width-sep\" style=\"align-self: center;margin-left: auto;margin-right: auto;margin-top:20px;width:100%;\"><\/div><div class=\"fusion-image-element \" style=\"text-align:center;--awb-liftup-border-radius:0px;--awb-caption-title-font-family:var(--h2_typography-font-family);--awb-caption-title-font-weight:var(--h2_typography-font-weight);--awb-caption-title-font-style:var(--h2_typography-font-style);--awb-caption-title-size:var(--h2_typography-font-size);--awb-caption-title-transform:var(--h2_typography-text-transform);--awb-caption-title-line-height:var(--h2_typography-line-height);--awb-caption-title-letter-spacing:var(--h2_typography-letter-spacing);\"><div class=\"awb-image-frame awb-image-frame-2 imageframe-liftup\"><span class=\" fusion-imageframe imageframe-none imageframe-2\"><a href=\"https:\/\/campingdelalaune.com\/wp-content\/uploads\/2026\/02\/Rental-rates-2026-pdf.jpg\" class=\"fusion-lightbox\" data-rel=\"iLightbox[c3f3db30894de669792]\" data-title=\"Rental rates 2026\" title=\"Rental rates 2026\"><img decoding=\"async\" width=\"1058\" height=\"1497\" src=\"https:\/\/campingdelalaune.com\/wp-content\/uploads\/2026\/02\/Rental-rates-2026-pdf.jpg\" alt class=\"img-responsive wp-image-6456\"\/><\/a><\/span><\/div><\/div><div class=\"fusion-separator fusion-full-width-sep\" style=\"align-self: center;margin-left: auto;margin-right: auto;margin-top:20px;width:100%;\"><\/div><div class=\"fusion-text fusion-text-4\"><p style=\"text-align: center;\"><span style=\"text-decoration: underline;\"><strong><a href=\"\/wp-content\/uploads\/2020\/07\/CGV-1.pdf\" target=\"_blank\" rel=\"noopener noreferrer\">Consult our general terms and conditions of sale <\/a><\/strong><\/span><\/p>\n<\/div><\/div><\/div><\/div><\/div><div class=\"fusion-fullwidth fullwidth-box fusion-builder-row-3 fusion-parallax-fixed nonhundred-percent-fullwidth non-hundred-percent-height-scrolling prochain-sejour\" style=\"--awb-border-sizes-top:0px;--awb-border-sizes-bottom:0px;--awb-border-sizes-left:0px;--awb-border-sizes-right:0px;--awb-border-radius-top-left:0px;--awb-border-radius-top-right:0px;--awb-border-radius-bottom-right:0px;--awb-border-radius-bottom-left:0px;--awb-padding-top:115px;--awb-padding-bottom:115px;--awb-background-color:rgba(255,255,255,0);--awb-background-image:url(&quot;https:\/\/campingdelalaune.com\/wp-content\/uploads\/2020\/07\/Camping-de-la-Laune-3-nice-monaco-menton-eze-1.jpg&quot;);--awb-background-size:cover;--awb-flex-wrap:wrap;background-attachment:fixed;\" id=\"prochain-sejour\" ><div class=\"fusion-builder-row fusion-row\"><div class=\"fusion-layout-column fusion_builder_column fusion-builder-column-5 fusion_builder_column_1_6 1_6 fusion-one-sixth fusion-column-first\" style=\"--awb-padding-top:10%;--awb-padding-right:10%;--awb-padding-bottom:10%;--awb-padding-left:10%;--awb-bg-size:cover;width:13.3333%; margin-right: 4%;\"><div class=\"fusion-column-wrapper fusion-flex-column-wrapper-legacy\"><div class=\"fusion-clearfix\"><\/div><\/div><\/div><div class=\"fusion-layout-column fusion_builder_column fusion-builder-column-6 fusion_builder_column_2_3 2_3 fusion-two-third\" style=\"--awb-bg-color:rgba(209,209,209,0);--awb-bg-color-hover:rgba(209,209,209,0);--awb-bg-size:cover;width:65.3333%; margin-right: 4%;\"><div class=\"fusion-column-wrapper fusion-flex-column-wrapper-legacy\"><div class=\"fusion-text fusion-text-5\"><h2 style=\"text-align: center;\"><span style=\"color: #ffffff;\">Book your next stay!<\/span><\/h2>\n<\/div><div class=\"fusion-sep-clear\"><\/div><div class=\"fusion-separator fusion-full-width-sep\" style=\"margin-left: auto;margin-right: auto;margin-top:12px;width:100%;\"><\/div><div class=\"fusion-sep-clear\"><\/div><div class=\"fusion-sep-clear\"><\/div><div class=\"fusion-separator fusion-full-width-sep\" style=\"margin-left: auto;margin-right: auto;margin-top:12px;width:100%;\"><\/div><div class=\"fusion-sep-clear\"><\/div><div class=\"fusion-aligncenter\"><a class=\"fusion-button button-flat fusion-button-default-size button-custom fusion-button-default button-1 fusion-button-default-span fusion-button-default-type fusion-animated nostyle\" style=\"--button_accent_color:#ffffff;--button_accent_hover_color:#ffffff;--button_border_hover_color:#ffffff;--button_border_width-top:0px;--button_border_width-right:0px;--button_border_width-bottom:0px;--button_border_width-left:0px;--button_gradient_top_color:#1985a1;--button_gradient_bottom_color:#1985a1;--button_gradient_top_color_hover:#1ea4c9;--button_gradient_bottom_color_hover:#1ea4c9;\" data-animationType=\"fadeInUp\" data-animationDuration=\"1.0\" data-animationOffset=\"top-into-view\" target=\"_self\" href=\"https:\/\/campingdelalaune.com\/en\/book\/\" id=\"nostyle\"><span class=\"fusion-button-text awb-button__text awb-button__text--default\">BOOK<\/span><\/a><\/div><div class=\"fusion-sep-clear\"><\/div><div class=\"fusion-separator fusion-full-width-sep\" style=\"margin-left: auto;margin-right: auto;margin-top:12px;width:100%;\"><\/div><div class=\"fusion-sep-clear\"><\/div><div class=\"fusion-clearfix\"><\/div><\/div><\/div><div class=\"fusion-layout-column fusion_builder_column fusion-builder-column-7 fusion_builder_column_1_6 1_6 fusion-one-sixth fusion-column-last\" style=\"--awb-padding-top:10%;--awb-padding-right:10%;--awb-padding-bottom:10%;--awb-padding-left:10%;--awb-bg-size:cover;width:13.3333%;\"><div class=\"fusion-column-wrapper fusion-flex-column-wrapper-legacy\"><div class=\"fusion-clearfix\"><\/div><\/div><\/div><\/div><\/div><\/p>\n","protected":false},"excerpt":{"rendered":"","protected":false},"author":4,"featured_media":0,"parent":0,"menu_order":0,"comment_status":"closed","ping_status":"closed","template":"100-width.php","meta":{"footnotes":""},"class_list":["post-5090","page","type-page","status-publish","hentry"],"yoast_head":"<!-- This site is optimized with the Yoast SEO plugin v27.2 - https:\/\/yoast.com\/product\/yoast-seo-wordpress\/ -->\n<title>Rates - Le Camping de la Laune \u00e0 Peillon pr\u00e8s de Nice - Alpes Maritimes<\/title>\n<meta name=\"robots\" content=\"index, follow, max-snippet:-1, max-image-preview:large, max-video-preview:-1\" \/>\n<link rel=\"canonical\" href=\"https:\/\/campingdelalaune.com\/en\/rates\/\" \/>\n<meta property=\"og:locale\" content=\"en_US\" \/>\n<meta property=\"og:type\" content=\"article\" \/>\n<meta property=\"og:title\" content=\"Rates - Le Camping de la Laune \u00e0 Peillon pr\u00e8s de Nice - Alpes Maritimes\" \/>\n<meta property=\"og:url\" content=\"https:\/\/campingdelalaune.com\/en\/rates\/\" \/>\n<meta property=\"og:site_name\" content=\"Le Camping de la Laune \u00e0 Peillon pr\u00e8s de Nice - Alpes Maritimes\" \/>\n<meta property=\"article:publisher\" content=\"https:\/\/www.facebook.com\/Camping-De-La-Laune-128564187223973\/?ref=bookmarks\" \/>\n<meta property=\"article:modified_time\" content=\"2026-02-09T14:35:18+00:00\" \/>\n<meta name=\"twitter:card\" content=\"summary_large_image\" \/>\n<meta name=\"twitter:label1\" content=\"Est. reading time\" \/>\n\t<meta name=\"twitter:data1\" content=\"1 minute\" \/>\n<script type=\"application\/ld+json\" class=\"yoast-schema-graph\">{\"@context\":\"https:\/\/schema.org\",\"@graph\":[{\"@type\":\"WebPage\",\"@id\":\"https:\/\/campingdelalaune.com\/en\/rates\/\",\"url\":\"https:\/\/campingdelalaune.com\/en\/rates\/\",\"name\":\"Rates - Le Camping de la Laune \u00e0 Peillon pr\u00e8s de Nice - Alpes Maritimes\",\"isPartOf\":{\"@id\":\"https:\/\/campingdelalaune.com\/#website\"},\"datePublished\":\"2020-09-16T10:30:40+00:00\",\"dateModified\":\"2026-02-09T14:35:18+00:00\",\"breadcrumb\":{\"@id\":\"https:\/\/campingdelalaune.com\/en\/rates\/#breadcrumb\"},\"inLanguage\":\"en-US\",\"potentialAction\":[{\"@type\":\"ReadAction\",\"target\":[\"https:\/\/campingdelalaune.com\/en\/rates\/\"]}]},{\"@type\":\"BreadcrumbList\",\"@id\":\"https:\/\/campingdelalaune.com\/en\/rates\/#breadcrumb\",\"itemListElement\":[{\"@type\":\"ListItem\",\"position\":1,\"name\":\"Accueil\",\"item\":\"https:\/\/campingdelalaune.com\/en\/\"},{\"@type\":\"ListItem\",\"position\":2,\"name\":\"Rates\"}]},{\"@type\":\"WebSite\",\"@id\":\"https:\/\/campingdelalaune.com\/#website\",\"url\":\"https:\/\/campingdelalaune.com\/\",\"name\":\"Le Camping de la Laune \u00e0 Peillon pr\u00e8s de Nice - Alpes Maritimes\",\"description\":\"Le Camping de la Laune \u00e0 Peillon pr\u00e8s de Nice - Alpes Maritimes\",\"publisher\":{\"@id\":\"https:\/\/campingdelalaune.com\/#organization\"},\"potentialAction\":[{\"@type\":\"SearchAction\",\"target\":{\"@type\":\"EntryPoint\",\"urlTemplate\":\"https:\/\/campingdelalaune.com\/?s={search_term_string}\"},\"query-input\":{\"@type\":\"PropertyValueSpecification\",\"valueRequired\":true,\"valueName\":\"search_term_string\"}}],\"inLanguage\":\"en-US\"},{\"@type\":\"Organization\",\"@id\":\"https:\/\/campingdelalaune.com\/#organization\",\"name\":\"CAMPING DE LA LAUNE\",\"url\":\"https:\/\/campingdelalaune.com\/\",\"logo\":{\"@type\":\"ImageObject\",\"inLanguage\":\"en-US\",\"@id\":\"https:\/\/campingdelalaune.com\/#\/schema\/logo\/image\/\",\"url\":\"https:\/\/campingdelalaune.com\/wp-content\/uploads\/2020\/07\/logo-camping-de-la-laune-1.png\",\"contentUrl\":\"https:\/\/campingdelalaune.com\/wp-content\/uploads\/2020\/07\/logo-camping-de-la-laune-1.png\",\"width\":600,\"height\":309,\"caption\":\"CAMPING DE LA LAUNE\"},\"image\":{\"@id\":\"https:\/\/campingdelalaune.com\/#\/schema\/logo\/image\/\"},\"sameAs\":[\"https:\/\/www.facebook.com\/Camping-De-La-Laune-128564187223973\/?ref=bookmarks\"]}]}<\/script>\n<!-- \/ Yoast SEO plugin. -->","yoast_head_json":{"title":"Rates - Le Camping de la Laune \u00e0 Peillon pr\u00e8s de Nice - Alpes Maritimes","robots":{"index":"index","follow":"follow","max-snippet":"max-snippet:-1","max-image-preview":"max-image-preview:large","max-video-preview":"max-video-preview:-1"},"canonical":"https:\/\/campingdelalaune.com\/en\/rates\/","og_locale":"en_US","og_type":"article","og_title":"Rates - Le Camping de la Laune \u00e0 Peillon pr\u00e8s de Nice - Alpes Maritimes","og_url":"https:\/\/campingdelalaune.com\/en\/rates\/","og_site_name":"Le Camping de la Laune \u00e0 Peillon pr\u00e8s de Nice - Alpes Maritimes","article_publisher":"https:\/\/www.facebook.com\/Camping-De-La-Laune-128564187223973\/?ref=bookmarks","article_modified_time":"2026-02-09T14:35:18+00:00","twitter_card":"summary_large_image","twitter_misc":{"Est. reading time":"1 minute"},"schema":{"@context":"https:\/\/schema.org","@graph":[{"@type":"WebPage","@id":"https:\/\/campingdelalaune.com\/en\/rates\/","url":"https:\/\/campingdelalaune.com\/en\/rates\/","name":"Rates - Le Camping de la Laune \u00e0 Peillon pr\u00e8s de Nice - Alpes Maritimes","isPartOf":{"@id":"https:\/\/campingdelalaune.com\/#website"},"datePublished":"2020-09-16T10:30:40+00:00","dateModified":"2026-02-09T14:35:18+00:00","breadcrumb":{"@id":"https:\/\/campingdelalaune.com\/en\/rates\/#breadcrumb"},"inLanguage":"en-US","potentialAction":[{"@type":"ReadAction","target":["https:\/\/campingdelalaune.com\/en\/rates\/"]}]},{"@type":"BreadcrumbList","@id":"https:\/\/campingdelalaune.com\/en\/rates\/#breadcrumb","itemListElement":[{"@type":"ListItem","position":1,"name":"Accueil","item":"https:\/\/campingdelalaune.com\/en\/"},{"@type":"ListItem","position":2,"name":"Rates"}]},{"@type":"WebSite","@id":"https:\/\/campingdelalaune.com\/#website","url":"https:\/\/campingdelalaune.com\/","name":"Le Camping de la Laune \u00e0 Peillon pr\u00e8s de Nice - Alpes Maritimes","description":"Le Camping de la Laune \u00e0 Peillon pr\u00e8s de Nice - Alpes Maritimes","publisher":{"@id":"https:\/\/campingdelalaune.com\/#organization"},"potentialAction":[{"@type":"SearchAction","target":{"@type":"EntryPoint","urlTemplate":"https:\/\/campingdelalaune.com\/?s={search_term_string}"},"query-input":{"@type":"PropertyValueSpecification","valueRequired":true,"valueName":"search_term_string"}}],"inLanguage":"en-US"},{"@type":"Organization","@id":"https:\/\/campingdelalaune.com\/#organization","name":"CAMPING DE LA LAUNE","url":"https:\/\/campingdelalaune.com\/","logo":{"@type":"ImageObject","inLanguage":"en-US","@id":"https:\/\/campingdelalaune.com\/#\/schema\/logo\/image\/","url":"https:\/\/campingdelalaune.com\/wp-content\/uploads\/2020\/07\/logo-camping-de-la-laune-1.png","contentUrl":"https:\/\/campingdelalaune.com\/wp-content\/uploads\/2020\/07\/logo-camping-de-la-laune-1.png","width":600,"height":309,"caption":"CAMPING DE LA LAUNE"},"image":{"@id":"https:\/\/campingdelalaune.com\/#\/schema\/logo\/image\/"},"sameAs":["https:\/\/www.facebook.com\/Camping-De-La-Laune-128564187223973\/?ref=bookmarks"]}]}},"_links":{"self":[{"href":"https:\/\/campingdelalaune.com\/en\/wp-json\/wp\/v2\/pages\/5090","targetHints":{"allow":["GET"]}}],"collection":[{"href":"https:\/\/campingdelalaune.com\/en\/wp-json\/wp\/v2\/pages"}],"about":[{"href":"https:\/\/campingdelalaune.com\/en\/wp-json\/wp\/v2\/types\/page"}],"author":[{"embeddable":true,"href":"https:\/\/campingdelalaune.com\/en\/wp-json\/wp\/v2\/users\/4"}],"replies":[{"embeddable":true,"href":"https:\/\/campingdelalaune.com\/en\/wp-json\/wp\/v2\/comments?post=5090"}],"version-history":[{"count":19,"href":"https:\/\/campingdelalaune.com\/en\/wp-json\/wp\/v2\/pages\/5090\/revisions"}],"predecessor-version":[{"id":6472,"href":"https:\/\/campingdelalaune.com\/en\/wp-json\/wp\/v2\/pages\/5090\/revisions\/6472"}],"wp:attachment":[{"href":"https:\/\/campingdelalaune.com\/en\/wp-json\/wp\/v2\/media?parent=5090"}],"curies":[{"name":"wp","href":"https:\/\/api.w.org\/{rel}","templated":true}]}}