{"id":5094,"date":"2020-09-16T12:52:40","date_gmt":"2020-09-16T10:52:40","guid":{"rendered":"https:\/\/campingdelalaune.com\/to-see-to-do\/"},"modified":"2020-09-17T10:20:57","modified_gmt":"2020-09-17T08:20:57","slug":"to-see-to-do","status":"publish","type":"page","link":"https:\/\/campingdelalaune.com\/en\/to-see-to-do\/","title":{"rendered":"To see, to do"},"content":{"rendered":"<p><div class=\"fusion-fullwidth fullwidth-box fusion-builder-row-1 nonhundred-percent-fullwidth non-hundred-percent-height-scrolling\" style=\"--awb-border-radius-top-left:0px;--awb-border-radius-top-right:0px;--awb-border-radius-bottom-right:0px;--awb-border-radius-bottom-left:0px;--awb-flex-wrap:wrap;\" ><div class=\"fusion-builder-row fusion-row\"><div class=\"fusion-layout-column fusion_builder_column fusion-builder-column-0 fusion_builder_column_1_1 1_1 fusion-one-full fusion-column-first fusion-column-last\" style=\"--awb-bg-size:cover;\"><div class=\"fusion-column-wrapper fusion-column-has-shadow fusion-flex-column-wrapper-legacy\"><div class=\"fusion-text fusion-text-1\"><h1 style=\"text-align: center;\">To see, to do<\/h1>\n<\/div><div class=\"fusion-sep-clear\"><\/div><div class=\"fusion-separator\" style=\"margin-left: auto;margin-right: auto;margin-top:10px;margin-bottom:50px;width:100%;max-width:70px;\"><div class=\"fusion-separator-border sep-single sep-solid\" style=\"--awb-height:20px;--awb-amount:20px;--awb-sep-color:#23cbed;border-color:#23cbed;border-top-width:3px;\"><\/div><\/div><div class=\"fusion-sep-clear\"><\/div><div class=\"fusion-text fusion-text-2\"><p style=\"text-align: justify;\">The camping is ideally located to explore the treasures of the French Riviera which will allow you to plan your days around unforgettable visits, walks, ballads and excursions. Here what we have selected for you within a radius of approximately 0 to 45 km from the camping:<\/p>\n<\/div><div class=\"fusion-clearfix\"><\/div><\/div><\/div><\/div><\/div><div class=\"fusion-fullwidth fullwidth-box fusion-builder-row-2 nonhundred-percent-fullwidth non-hundred-percent-height-scrolling fusion-equal-height-columns\" style=\"--awb-background-position:left top;--awb-border-sizes-top:0px;--awb-border-sizes-bottom:0px;--awb-border-sizes-left:0px;--awb-border-sizes-right:0px;--awb-border-radius-top-left:0px;--awb-border-radius-top-right:0px;--awb-border-radius-bottom-right:0px;--awb-border-radius-bottom-left:0px;--awb-flex-wrap:wrap;\" ><div class=\"fusion-builder-row fusion-row\"><div class=\"fusion-layout-column fusion_builder_column fusion-builder-column-1 fusion_builder_column_1_2 1_2 fusion-one-half fusion-column-first fusion-animated\" style=\"--awb-padding-top:21%;--awb-padding-right:11%;--awb-padding-bottom:11%;--awb-padding-left:11%;--awb-bg-color:#ffffff;--awb-bg-color-hover:#ffffff;--awb-bg-image:url(&#039;https:\/\/campingdelalaune.com\/wp-content\/uploads\/2020\/07\/1200px-velo-bleu-niceCamping-de-la-Laune-nice-monaco-menton-eze-.jpg&#039;);--awb-bg-position:center center;--awb-bg-size:cover;width:48%; margin-right: 4%;\" data-animationType=\"fadeInLeft\" data-animationDuration=\"1.0\" data-animationOffset=\"top-into-view\"><div class=\"fusion-column-wrapper fusion-column-has-shadow fusion-flex-column-wrapper-legacy fusion-column-has-bg-image\" data-bg-url=\"https:\/\/campingdelalaune.com\/wp-content\/uploads\/2020\/07\/1200px-velo-bleu-niceCamping-de-la-Laune-nice-monaco-menton-eze-.jpg\"><div class=\"fusion-column-content-centered\"><div class=\"fusion-column-content\"><div class=\"fusion-content-boxes content-boxes columns row fusion-columns-1 fusion-columns-total-1 fusion-content-boxes-1 content-boxes-icon-on-top content-left\" style=\"--awb-backgroundcolor:rgba(255,255,255,0.86);--awb-title-color:#243f6b;--awb-margin-bottom:0px;--awb-hover-accent-color:#323643;--awb-circle-hover-accent-color:#323643;--awb-item-margin-bottom:40px;\" data-animationOffset=\"top-into-view\"><div style=\"--awb-backgroundcolor:rgba(255,255,255,0.73);\" class=\"fusion-column content-box-column content-box-column content-box-column-1 col-lg-12 col-md-12 col-sm-12 fusion-content-box-hover content-box-column-last content-box-column-last-in-row\"><div class=\"col content-box-wrapper content-wrapper-background link-area-box link-type-text icon-hover-animation-pulsate\" data-link=\"https:\/\/campingdelalaune.com\/en\/famous-cities-of-the-french-riviera\/\" data-link-target=\"_self\" data-animationOffset=\"top-into-view\"><div class=\"heading icon-left\"><a class=\"heading-link\" href=\"https:\/\/campingdelalaune.com\/en\/famous-cities-of-the-french-riviera\/\" target=\"_self\"><h2 class=\"content-box-heading fusion-responsive-typography-calculated\" style=\"--h2_typography-font-size:24px;--fontSize:24;line-height:1.5;\">Famous cities of the French Riviera<\/h2><\/a><\/div><div class=\"fusion-clearfix\"><\/div><div class=\"content-container\"><div class=\"fusion-sep-clear\"><\/div><div class=\"fusion-separator fusion-full-width-sep\" style=\"margin-left: auto;margin-right: auto;margin-top:20px;margin-bottom:20px;width:100%;\"><\/div><div class=\"fusion-sep-clear\"><\/div><div class=\"fusion-aligncenter\"><a class=\"fusion-button button-flat fusion-button-default-size button-default fusion-button-default button-1 fusion-button-default-span fusion-button-default-type\" target=\"_self\" href=\"https:\/\/campingdelalaune.com\/en\/famous-cities-of-the-french-riviera\/\"><span class=\"fusion-button-text awb-button__text awb-button__text--default fusion-button-text-right\">See more<\/span><span class=\"fusion-button-icon-divider button-icon-divider-right\"><i class=\" fa fa-angle-right awb-button__icon awb-button__icon--default\" aria-hidden=\"true\"><\/i><\/span><\/a><\/div><\/div><\/div><\/div><div class=\"fusion-clearfix\"><\/div><\/div><\/div><\/div><div class=\"fusion-clearfix\"><\/div><\/div><\/div><div class=\"fusion-layout-column fusion_builder_column fusion-builder-column-2 fusion_builder_column_1_2 1_2 fusion-one-half fusion-column-last fusion-animated\" style=\"--awb-padding-top:21%;--awb-padding-right:11%;--awb-padding-bottom:11%;--awb-padding-left:11%;--awb-bg-color:#ffffff;--awb-bg-color-hover:#ffffff;--awb-bg-image:url(&#039;https:\/\/campingdelalaune.com\/wp-content\/uploads\/2020\/07\/littoral-Camping-de-la-Laune-2-nice-monaco-menton-eze-.jpg&#039;);--awb-bg-position:right center;--awb-bg-size:cover;width:48%;\" data-animationType=\"fadeInRight\" data-animationDuration=\"1.0\" data-animationOffset=\"top-into-view\"><div class=\"fusion-column-wrapper fusion-column-has-shadow fusion-flex-column-wrapper-legacy fusion-column-has-bg-image\" data-bg-url=\"https:\/\/campingdelalaune.com\/wp-content\/uploads\/2020\/07\/littoral-Camping-de-la-Laune-2-nice-monaco-menton-eze-.jpg\"><div class=\"fusion-column-content-centered\"><div class=\"fusion-column-content\"><div class=\"fusion-content-boxes content-boxes columns row fusion-columns-1 fusion-columns-total-1 fusion-content-boxes-2 content-boxes-icon-on-top content-left\" style=\"--awb-backgroundcolor:rgba(255,255,255,0.86);--awb-title-color:#243f6b;--awb-margin-bottom:0px;--awb-hover-accent-color:#323643;--awb-circle-hover-accent-color:#323643;--awb-item-margin-bottom:40px;\" data-animationOffset=\"top-into-view\"><div style=\"--awb-backgroundcolor:rgba(255,255,255,0.73);\" class=\"fusion-column content-box-column content-box-column content-box-column-1 col-lg-12 col-md-12 col-sm-12 fusion-content-box-hover content-box-column-last content-box-column-last-in-row\"><div class=\"col content-box-wrapper content-wrapper-background link-area-box link-type-text icon-hover-animation-pulsate\" data-link=\"https:\/\/campingdelalaune.com\/en\/the-coastline\/\" data-link-target=\"_self\" data-animationOffset=\"top-into-view\"><div class=\"heading icon-left\"><a class=\"heading-link\" href=\"https:\/\/campingdelalaune.com\/en\/the-coastline\/\" target=\"_self\"><h2 class=\"content-box-heading fusion-responsive-typography-calculated\" style=\"--h2_typography-font-size:24px;--fontSize:24;line-height:1.5;\">The Coastline<\/h2><\/a><\/div><div class=\"fusion-clearfix\"><\/div><div class=\"content-container\"><div class=\"fusion-sep-clear\"><\/div><div class=\"fusion-separator fusion-full-width-sep\" style=\"margin-left: auto;margin-right: auto;margin-top:20px;margin-bottom:20px;width:100%;\"><\/div><div class=\"fusion-sep-clear\"><\/div><div class=\"fusion-aligncenter\"><a class=\"fusion-button button-flat fusion-button-default-size button-default fusion-button-default button-2 fusion-button-default-span fusion-button-default-type\" target=\"_self\" href=\"https:\/\/campingdelalaune.com\/en\/the-coastline\/\"><span class=\"fusion-button-text awb-button__text awb-button__text--default fusion-button-text-right\">See more<\/span><span class=\"fusion-button-icon-divider button-icon-divider-right\"><i class=\" fa fa-angle-right awb-button__icon awb-button__icon--default\" aria-hidden=\"true\"><\/i><\/span><\/a><\/div><\/div><\/div><\/div><div class=\"fusion-clearfix\"><\/div><\/div><\/div><\/div><div class=\"fusion-clearfix\"><\/div><\/div><\/div><\/div><\/div><div class=\"fusion-fullwidth fullwidth-box fusion-builder-row-3 nonhundred-percent-fullwidth non-hundred-percent-height-scrolling fusion-equal-height-columns\" style=\"--awb-background-position:left top;--awb-border-sizes-top:0px;--awb-border-sizes-bottom:0px;--awb-border-sizes-left:0px;--awb-border-sizes-right:0px;--awb-border-radius-top-left:0px;--awb-border-radius-top-right:0px;--awb-border-radius-bottom-right:0px;--awb-border-radius-bottom-left:0px;--awb-margin-bottom:50px;--awb-flex-wrap:wrap;\" ><div class=\"fusion-builder-row fusion-row\"><div class=\"fusion-layout-column fusion_builder_column fusion-builder-column-3 fusion_builder_column_1_2 1_2 fusion-one-half fusion-column-first fusion-animated\" style=\"--awb-padding-top:21%;--awb-padding-right:11%;--awb-padding-bottom:11%;--awb-padding-left:11%;--awb-bg-color:#ffffff;--awb-bg-color-hover:#ffffff;--awb-bg-image:url(&#039;https:\/\/campingdelalaune.com\/wp-content\/uploads\/2020\/07\/Sainte-Agnes-Camping-de-la-Laune-2-nice-monaco-menton-eze-.jpg&#039;);--awb-bg-position:center center;--awb-bg-size:cover;width:48%; margin-right: 4%;\" data-animationType=\"fadeInLeft\" data-animationDuration=\"1.0\" data-animationOffset=\"top-into-view\"><div class=\"fusion-column-wrapper fusion-column-has-shadow fusion-flex-column-wrapper-legacy fusion-column-has-bg-image\" data-bg-url=\"https:\/\/campingdelalaune.com\/wp-content\/uploads\/2020\/07\/Sainte-Agnes-Camping-de-la-Laune-2-nice-monaco-menton-eze-.jpg\"><div class=\"fusion-column-content-centered\"><div class=\"fusion-column-content\"><div class=\"fusion-content-boxes content-boxes columns row fusion-columns-1 fusion-columns-total-1 fusion-content-boxes-3 content-boxes-icon-on-top content-left\" style=\"--awb-backgroundcolor:rgba(255,255,255,0.86);--awb-title-color:#243f6b;--awb-margin-bottom:0px;--awb-hover-accent-color:#323643;--awb-circle-hover-accent-color:#323643;--awb-item-margin-bottom:40px;\" data-animationOffset=\"top-into-view\"><div style=\"--awb-backgroundcolor:rgba(255,255,255,0.73);\" class=\"fusion-column content-box-column content-box-column content-box-column-1 col-lg-12 col-md-12 col-sm-12 fusion-content-box-hover content-box-column-last content-box-column-last-in-row\"><div class=\"col content-box-wrapper content-wrapper-background link-area-box link-type-text icon-hover-animation-pulsate\" data-link=\"https:\/\/campingdelalaune.com\/en\/the-countryside\/\" data-link-target=\"_self\" data-animationOffset=\"top-into-view\"><div class=\"heading icon-left\"><a class=\"heading-link\" href=\"https:\/\/campingdelalaune.com\/en\/the-countryside\/\" target=\"_self\"><h2 class=\"content-box-heading fusion-responsive-typography-calculated\" style=\"--h2_typography-font-size:24px;--fontSize:24;line-height:1.5;\">The Countryside<\/h2><\/a><\/div><div class=\"fusion-clearfix\"><\/div><div class=\"content-container\"><div class=\"fusion-sep-clear\"><\/div><div class=\"fusion-separator fusion-full-width-sep\" style=\"margin-left: auto;margin-right: auto;margin-top:20px;margin-bottom:20px;width:100%;\"><\/div><div class=\"fusion-sep-clear\"><\/div><div class=\"fusion-aligncenter\"><a class=\"fusion-button button-flat fusion-button-default-size button-default fusion-button-default button-3 fusion-button-default-span fusion-button-default-type\" target=\"_self\" href=\"https:\/\/campingdelalaune.com\/en\/the-countryside\/\"><span class=\"fusion-button-text awb-button__text awb-button__text--default fusion-button-text-right\">See more<\/span><span class=\"fusion-button-icon-divider button-icon-divider-right\"><i class=\" fa fa-angle-right awb-button__icon awb-button__icon--default\" aria-hidden=\"true\"><\/i><\/span><\/a><\/div><\/div><\/div><\/div><div class=\"fusion-clearfix\"><\/div><\/div><\/div><\/div><div class=\"fusion-clearfix\"><\/div><\/div><\/div><div class=\"fusion-layout-column fusion_builder_column fusion-builder-column-4 fusion_builder_column_1_2 1_2 fusion-one-half fusion-column-last fusion-animated\" style=\"--awb-padding-top:21%;--awb-padding-right:11%;--awb-padding-bottom:11%;--awb-padding-left:11%;--awb-bg-color:#ffffff;--awb-bg-color-hover:#ffffff;--awb-bg-image:url(&#039;https:\/\/campingdelalaune.com\/wp-content\/uploads\/2020\/07\/Fe\u0302te_du_Citron_Menton-Camping-de-la-Laune-2-nice-monaco-menton-eze-1.jpg&#039;);--awb-bg-position:center center;--awb-bg-size:cover;width:48%;\" data-animationType=\"fadeInRight\" data-animationDuration=\"1.0\" data-animationOffset=\"top-into-view\"><div class=\"fusion-column-wrapper fusion-column-has-shadow fusion-flex-column-wrapper-legacy fusion-column-has-bg-image\" data-bg-url=\"https:\/\/campingdelalaune.com\/wp-content\/uploads\/2020\/07\/Fe\u0302te_du_Citron_Menton-Camping-de-la-Laune-2-nice-monaco-menton-eze-1.jpg\"><div class=\"fusion-column-content-centered\"><div class=\"fusion-column-content\"><div class=\"fusion-content-boxes content-boxes columns row fusion-columns-1 fusion-columns-total-1 fusion-content-boxes-4 content-boxes-icon-on-top content-left\" style=\"--awb-backgroundcolor:rgba(255,255,255,0.86);--awb-title-color:#243f6b;--awb-margin-bottom:0px;--awb-hover-accent-color:#323643;--awb-circle-hover-accent-color:#323643;--awb-item-margin-bottom:40px;\" data-animationOffset=\"top-into-view\"><div style=\"--awb-backgroundcolor:rgba(255,255,255,0.73);\" class=\"fusion-column content-box-column content-box-column content-box-column-1 col-lg-12 col-md-12 col-sm-12 fusion-content-box-hover content-box-column-last content-box-column-last-in-row\"><div class=\"col content-box-wrapper content-wrapper-background link-area-box link-type-text icon-hover-animation-pulsate\" data-link=\"https:\/\/campingdelalaune.com\/en\/events-and-amusement-parks\/\" data-link-target=\"_self\" data-animationOffset=\"top-into-view\"><div class=\"heading icon-left\"><a class=\"heading-link\" href=\"https:\/\/campingdelalaune.com\/en\/events-and-amusement-parks\/\" target=\"_self\"><h2 class=\"content-box-heading fusion-responsive-typography-calculated\" style=\"--h2_typography-font-size:24px;--fontSize:24;line-height:1.5;\">Events and amusement parks <\/h2><\/a><\/div><div class=\"fusion-clearfix\"><\/div><div class=\"content-container\"><div class=\"fusion-sep-clear\"><\/div><div class=\"fusion-separator fusion-full-width-sep\" style=\"margin-left: auto;margin-right: auto;margin-top:20px;margin-bottom:20px;width:100%;\"><\/div><div class=\"fusion-sep-clear\"><\/div><div class=\"fusion-aligncenter\"><a class=\"fusion-button button-flat fusion-button-default-size button-default fusion-button-default button-4 fusion-button-default-span fusion-button-default-type\" target=\"_self\" href=\"https:\/\/campingdelalaune.com\/en\/events-and-amusement-parks\/\"><span class=\"fusion-button-text awb-button__text awb-button__text--default fusion-button-text-right\">See more<\/span><span class=\"fusion-button-icon-divider button-icon-divider-right\"><i class=\" fa fa-angle-right awb-button__icon awb-button__icon--default\" aria-hidden=\"true\"><\/i><\/span><\/a><\/div><\/div><\/div><\/div><div class=\"fusion-clearfix\"><\/div><\/div><\/div><\/div><div class=\"fusion-clearfix\"><\/div><\/div><\/div><\/div><\/div><\/p>\n","protected":false},"excerpt":{"rendered":"","protected":false},"author":4,"featured_media":0,"parent":0,"menu_order":0,"comment_status":"closed","ping_status":"closed","template":"100-width.php","meta":{"footnotes":""},"class_list":["post-5094","page","type-page","status-publish","hentry"],"yoast_head":"<!-- This site is optimized with the Yoast SEO plugin v27.2 - https:\/\/yoast.com\/product\/yoast-seo-wordpress\/ -->\n<title>To see, to do - Le Camping de la Laune \u00e0 Peillon pr\u00e8s de Nice - Alpes Maritimes<\/title>\n<meta name=\"robots\" content=\"index, follow, max-snippet:-1, max-image-preview:large, max-video-preview:-1\" \/>\n<link rel=\"canonical\" href=\"https:\/\/campingdelalaune.com\/en\/to-see-to-do\/\" \/>\n<meta property=\"og:locale\" content=\"en_US\" \/>\n<meta property=\"og:type\" content=\"article\" \/>\n<meta property=\"og:title\" content=\"To see, to do - Le Camping de la Laune \u00e0 Peillon pr\u00e8s de Nice - Alpes Maritimes\" \/>\n<meta property=\"og:url\" content=\"https:\/\/campingdelalaune.com\/en\/to-see-to-do\/\" \/>\n<meta property=\"og:site_name\" content=\"Le Camping de la Laune \u00e0 Peillon pr\u00e8s de Nice - Alpes Maritimes\" \/>\n<meta property=\"article:publisher\" content=\"https:\/\/www.facebook.com\/Camping-De-La-Laune-128564187223973\/?ref=bookmarks\" \/>\n<meta property=\"article:modified_time\" content=\"2020-09-17T08:20:57+00:00\" \/>\n<meta name=\"twitter:card\" content=\"summary_large_image\" \/>\n<meta name=\"twitter:label1\" content=\"Est. reading time\" \/>\n\t<meta name=\"twitter:data1\" content=\"15 minutes\" \/>\n<script type=\"application\/ld+json\" class=\"yoast-schema-graph\">{\"@context\":\"https:\/\/schema.org\",\"@graph\":[{\"@type\":\"WebPage\",\"@id\":\"https:\/\/campingdelalaune.com\/en\/to-see-to-do\/\",\"url\":\"https:\/\/campingdelalaune.com\/en\/to-see-to-do\/\",\"name\":\"To see, to do - Le Camping de la Laune \u00e0 Peillon pr\u00e8s de Nice - Alpes Maritimes\",\"isPartOf\":{\"@id\":\"https:\/\/campingdelalaune.com\/#website\"},\"datePublished\":\"2020-09-16T10:52:40+00:00\",\"dateModified\":\"2020-09-17T08:20:57+00:00\",\"breadcrumb\":{\"@id\":\"https:\/\/campingdelalaune.com\/en\/to-see-to-do\/#breadcrumb\"},\"inLanguage\":\"en-US\",\"potentialAction\":[{\"@type\":\"ReadAction\",\"target\":[\"https:\/\/campingdelalaune.com\/en\/to-see-to-do\/\"]}]},{\"@type\":\"BreadcrumbList\",\"@id\":\"https:\/\/campingdelalaune.com\/en\/to-see-to-do\/#breadcrumb\",\"itemListElement\":[{\"@type\":\"ListItem\",\"position\":1,\"name\":\"Accueil\",\"item\":\"https:\/\/campingdelalaune.com\/en\/\"},{\"@type\":\"ListItem\",\"position\":2,\"name\":\"To see, to do\"}]},{\"@type\":\"WebSite\",\"@id\":\"https:\/\/campingdelalaune.com\/#website\",\"url\":\"https:\/\/campingdelalaune.com\/\",\"name\":\"Le Camping de la Laune \u00e0 Peillon pr\u00e8s de Nice - Alpes Maritimes\",\"description\":\"Le Camping de la Laune \u00e0 Peillon pr\u00e8s de Nice - Alpes Maritimes\",\"publisher\":{\"@id\":\"https:\/\/campingdelalaune.com\/#organization\"},\"potentialAction\":[{\"@type\":\"SearchAction\",\"target\":{\"@type\":\"EntryPoint\",\"urlTemplate\":\"https:\/\/campingdelalaune.com\/?s={search_term_string}\"},\"query-input\":{\"@type\":\"PropertyValueSpecification\",\"valueRequired\":true,\"valueName\":\"search_term_string\"}}],\"inLanguage\":\"en-US\"},{\"@type\":\"Organization\",\"@id\":\"https:\/\/campingdelalaune.com\/#organization\",\"name\":\"CAMPING DE LA LAUNE\",\"url\":\"https:\/\/campingdelalaune.com\/\",\"logo\":{\"@type\":\"ImageObject\",\"inLanguage\":\"en-US\",\"@id\":\"https:\/\/campingdelalaune.com\/#\/schema\/logo\/image\/\",\"url\":\"https:\/\/campingdelalaune.com\/wp-content\/uploads\/2020\/07\/logo-camping-de-la-laune-1.png\",\"contentUrl\":\"https:\/\/campingdelalaune.com\/wp-content\/uploads\/2020\/07\/logo-camping-de-la-laune-1.png\",\"width\":600,\"height\":309,\"caption\":\"CAMPING DE LA LAUNE\"},\"image\":{\"@id\":\"https:\/\/campingdelalaune.com\/#\/schema\/logo\/image\/\"},\"sameAs\":[\"https:\/\/www.facebook.com\/Camping-De-La-Laune-128564187223973\/?ref=bookmarks\"]}]}<\/script>\n<!-- \/ Yoast SEO plugin. -->","yoast_head_json":{"title":"To see, to do - Le Camping de la Laune \u00e0 Peillon pr\u00e8s de Nice - Alpes Maritimes","robots":{"index":"index","follow":"follow","max-snippet":"max-snippet:-1","max-image-preview":"max-image-preview:large","max-video-preview":"max-video-preview:-1"},"canonical":"https:\/\/campingdelalaune.com\/en\/to-see-to-do\/","og_locale":"en_US","og_type":"article","og_title":"To see, to do - Le Camping de la Laune \u00e0 Peillon pr\u00e8s de Nice - Alpes Maritimes","og_url":"https:\/\/campingdelalaune.com\/en\/to-see-to-do\/","og_site_name":"Le Camping de la Laune \u00e0 Peillon pr\u00e8s de Nice - Alpes Maritimes","article_publisher":"https:\/\/www.facebook.com\/Camping-De-La-Laune-128564187223973\/?ref=bookmarks","article_modified_time":"2020-09-17T08:20:57+00:00","twitter_card":"summary_large_image","twitter_misc":{"Est. reading time":"15 minutes"},"schema":{"@context":"https:\/\/schema.org","@graph":[{"@type":"WebPage","@id":"https:\/\/campingdelalaune.com\/en\/to-see-to-do\/","url":"https:\/\/campingdelalaune.com\/en\/to-see-to-do\/","name":"To see, to do - Le Camping de la Laune \u00e0 Peillon pr\u00e8s de Nice - Alpes Maritimes","isPartOf":{"@id":"https:\/\/campingdelalaune.com\/#website"},"datePublished":"2020-09-16T10:52:40+00:00","dateModified":"2020-09-17T08:20:57+00:00","breadcrumb":{"@id":"https:\/\/campingdelalaune.com\/en\/to-see-to-do\/#breadcrumb"},"inLanguage":"en-US","potentialAction":[{"@type":"ReadAction","target":["https:\/\/campingdelalaune.com\/en\/to-see-to-do\/"]}]},{"@type":"BreadcrumbList","@id":"https:\/\/campingdelalaune.com\/en\/to-see-to-do\/#breadcrumb","itemListElement":[{"@type":"ListItem","position":1,"name":"Accueil","item":"https:\/\/campingdelalaune.com\/en\/"},{"@type":"ListItem","position":2,"name":"To see, to do"}]},{"@type":"WebSite","@id":"https:\/\/campingdelalaune.com\/#website","url":"https:\/\/campingdelalaune.com\/","name":"Le Camping de la Laune \u00e0 Peillon pr\u00e8s de Nice - Alpes Maritimes","description":"Le Camping de la Laune \u00e0 Peillon pr\u00e8s de Nice - Alpes Maritimes","publisher":{"@id":"https:\/\/campingdelalaune.com\/#organization"},"potentialAction":[{"@type":"SearchAction","target":{"@type":"EntryPoint","urlTemplate":"https:\/\/campingdelalaune.com\/?s={search_term_string}"},"query-input":{"@type":"PropertyValueSpecification","valueRequired":true,"valueName":"search_term_string"}}],"inLanguage":"en-US"},{"@type":"Organization","@id":"https:\/\/campingdelalaune.com\/#organization","name":"CAMPING DE LA LAUNE","url":"https:\/\/campingdelalaune.com\/","logo":{"@type":"ImageObject","inLanguage":"en-US","@id":"https:\/\/campingdelalaune.com\/#\/schema\/logo\/image\/","url":"https:\/\/campingdelalaune.com\/wp-content\/uploads\/2020\/07\/logo-camping-de-la-laune-1.png","contentUrl":"https:\/\/campingdelalaune.com\/wp-content\/uploads\/2020\/07\/logo-camping-de-la-laune-1.png","width":600,"height":309,"caption":"CAMPING DE LA LAUNE"},"image":{"@id":"https:\/\/campingdelalaune.com\/#\/schema\/logo\/image\/"},"sameAs":["https:\/\/www.facebook.com\/Camping-De-La-Laune-128564187223973\/?ref=bookmarks"]}]}},"_links":{"self":[{"href":"https:\/\/campingdelalaune.com\/en\/wp-json\/wp\/v2\/pages\/5094","targetHints":{"allow":["GET"]}}],"collection":[{"href":"https:\/\/campingdelalaune.com\/en\/wp-json\/wp\/v2\/pages"}],"about":[{"href":"https:\/\/campingdelalaune.com\/en\/wp-json\/wp\/v2\/types\/page"}],"author":[{"embeddable":true,"href":"https:\/\/campingdelalaune.com\/en\/wp-json\/wp\/v2\/users\/4"}],"replies":[{"embeddable":true,"href":"https:\/\/campingdelalaune.com\/en\/wp-json\/wp\/v2\/comments?post=5094"}],"version-history":[{"count":4,"href":"https:\/\/campingdelalaune.com\/en\/wp-json\/wp\/v2\/pages\/5094\/revisions"}],"predecessor-version":[{"id":5271,"href":"https:\/\/campingdelalaune.com\/en\/wp-json\/wp\/v2\/pages\/5094\/revisions\/5271"}],"wp:attachment":[{"href":"https:\/\/campingdelalaune.com\/en\/wp-json\/wp\/v2\/media?parent=5094"}],"curies":[{"name":"wp","href":"https:\/\/api.w.org\/{rel}","templated":true}]}}