{"id":5111,"date":"2020-09-16T14:52:50","date_gmt":"2020-09-16T12:52:50","guid":{"rendered":"https:\/\/campingdelalaune.com\/book\/"},"modified":"2026-03-26T13:14:38","modified_gmt":"2026-03-26T12:14:38","slug":"book","status":"publish","type":"page","link":"https:\/\/campingdelalaune.com\/en\/book\/","title":{"rendered":"Book"},"content":{"rendered":"<p><div class=\"fusion-fullwidth fullwidth-box fusion-builder-row-1 fusion-flex-container nonhundred-percent-fullwidth non-hundred-percent-height-scrolling\" style=\"--awb-border-radius-top-left:0px;--awb-border-radius-top-right:0px;--awb-border-radius-bottom-right:0px;--awb-border-radius-bottom-left:0px;--awb-flex-wrap:wrap;\" ><div class=\"fusion-builder-row fusion-row fusion-flex-align-items-flex-start fusion-flex-content-wrap\" style=\"max-width:1404px;margin-left: calc(-4% \/ 2 );margin-right: calc(-4% \/ 2 );\"><div class=\"fusion-layout-column fusion_builder_column fusion-builder-column-0 fusion_builder_column_1_1 1_1 fusion-flex-column\" style=\"--awb-bg-size:cover;--awb-width-large:100%;--awb-margin-top-large:0px;--awb-spacing-right-large:1.92%;--awb-margin-bottom-large:20px;--awb-spacing-left-large:1.92%;--awb-width-medium:100%;--awb-order-medium:0;--awb-spacing-right-medium:1.92%;--awb-spacing-left-medium:1.92%;--awb-width-small:100%;--awb-order-small:0;--awb-spacing-right-small:1.92%;--awb-spacing-left-small:1.92%;\"><div class=\"fusion-column-wrapper fusion-column-has-shadow fusion-flex-justify-content-flex-start fusion-content-layout-column\"><div class=\"fusion-text fusion-text-1\"><h1 style=\"text-align: center;\">Book<br \/>\na pitch or a cottage<\/h1>\n<\/div><div class=\"fusion-separator\" style=\"align-self: center;margin-left: auto;margin-right: auto;margin-top:10px;margin-bottom:50px;width:100%;max-width:70px;\"><div class=\"fusion-separator-border sep-single sep-solid\" style=\"--awb-height:20px;--awb-amount:20px;--awb-sep-color:#23cbed;border-color:#23cbed;border-top-width:3px;\"><\/div><\/div><\/div><\/div><\/div><\/div><div class=\"fusion-fullwidth fullwidth-box fusion-builder-row-2 hundred-percent-fullwidth hundred-percent-height hundred-percent-height-center-content non-hundred-percent-height-scrolling\" style=\"--awb-background-position:center top;--awb-border-sizes-top:0px;--awb-border-sizes-bottom:0px;--awb-border-sizes-left:0px;--awb-border-sizes-right:0px;--awb-border-radius-top-left:0px;--awb-border-radius-top-right:0px;--awb-border-radius-bottom-right:0px;--awb-border-radius-bottom-left:0px;--awb-margin-top:0px;--awb-margin-bottom:0px;--awb-background-color:rgba(255,249,249,0);--awb-flex-wrap:wrap;\" ><div class=\"fusion-fullwidth-center-content\"><div class=\"fusion-builder-row fusion-row\"><div class=\"fusion-layout-column fusion_builder_column fusion-builder-column-1 fusion_builder_column_1_6 1_6 fusion-one-sixth fusion-column-first\" style=\"--awb-bg-size:cover;width:16.666666666667%;width:calc(16.666666666667% - ( ( 4% + 4% + 4% ) * 0.16666666666667 ) );margin-right: 4%;\"><div class=\"fusion-column-wrapper fusion-flex-column-wrapper-legacy\"><div class=\"fusion-clearfix\"><\/div><\/div><\/div><div class=\"fusion-layout-column fusion_builder_column fusion-builder-column-2 fusion_builder_column_1_3 1_3 fusion-one-third\" style=\"--awb-padding-top:50%;--awb-padding-right:11%;--awb-padding-bottom:11%;--awb-padding-left:11%;--awb-bg-color:#ffffff;--awb-bg-color-hover:#ffffff;--awb-bg-image:url(&#039;https:\/\/campingdelalaune.com\/wp-content\/uploads\/2020\/07\/16-Camping-de-la-Laune-nice-monaco-menton-eze-.jpg&#039;);--awb-bg-position:center center;--awb-bg-size:cover;width:33.333333333333%;width:calc(33.333333333333% - ( ( 4% + 4% + 4% ) * 0.33333333333333 ) );margin-right: 4%;\"><div class=\"fusion-column-wrapper fusion-column-has-shadow fusion-flex-column-wrapper-legacy fusion-column-has-bg-image\" data-bg-url=\"https:\/\/campingdelalaune.com\/wp-content\/uploads\/2020\/07\/16-Camping-de-la-Laune-nice-monaco-menton-eze-.jpg\"><div class=\"fusion-content-boxes content-boxes columns row fusion-columns-1 fusion-columns-total-1 fusion-content-boxes-1 content-boxes-icon-on-top content-left\" style=\"--awb-backgroundcolor:rgba(255,255,255,0.86);--awb-title-color:#243f6b;--awb-margin-bottom:0px;--awb-hover-accent-color:#323643;--awb-circle-hover-accent-color:#323643;--awb-item-margin-bottom:40px;\" data-animationOffset=\"top-into-view\"><div style=\"--awb-backgroundcolor:rgba(255,255,255,0.73);\" class=\"fusion-column content-box-column content-box-column content-box-column-1 col-lg-12 col-md-12 col-sm-12 fusion-content-box-hover content-box-column-last content-box-column-last-in-row\"><div class=\"col content-box-wrapper content-wrapper-background link-area-box link-type-text icon-hover-animation-pulsate\" data-link=\"https:\/\/campingdelalaune.com\/en\/book-location\/\" data-link-target=\"_self\" data-animationOffset=\"top-into-view\"><div class=\"heading icon-left\"><a class=\"heading-link\" href=\"https:\/\/campingdelalaune.com\/en\/book-location\/\" target=\"_self\"><h2 class=\"content-box-heading fusion-responsive-typography-calculated\" style=\"--h2_typography-font-size:24px;--fontSize:24;line-height:1.5;\">Book a pitch<\/h2><\/a><\/div><div class=\"fusion-clearfix\"><\/div><div class=\"content-container\">\n<div class=\"fusion-sep-clear\"><\/div><div class=\"fusion-separator fusion-full-width-sep\" style=\"margin-left: auto;margin-right: auto;margin-top:20px;margin-bottom:20px;width:100%;\"><\/div><div class=\"fusion-sep-clear\"><\/div><div class=\"fusion-aligncenter\"><a class=\"fusion-button button-flat fusion-button-default-size button-default fusion-button-default button-1 fusion-button-default-span fusion-button-default-type\" target=\"_self\" href=\"https:\/\/campingdelalaune.com\/en\/book-location\/\"><span class=\"fusion-button-text awb-button__text awb-button__text--default fusion-button-text-right\">See more<\/span><span class=\"fusion-button-icon-divider button-icon-divider-right\"><i class=\" fa fa-angle-right awb-button__icon awb-button__icon--default\" aria-hidden=\"true\"><\/i><\/span><\/a><\/div>\n<\/div><\/div><\/div><div class=\"fusion-clearfix\"><\/div><\/div><div class=\"fusion-clearfix\"><\/div><\/div><\/div><div class=\"fusion-layout-column fusion_builder_column fusion-builder-column-3 fusion_builder_column_1_3 1_3 fusion-one-third\" style=\"--awb-padding-top:50%;--awb-padding-right:11%;--awb-padding-bottom:11%;--awb-padding-left:11%;--awb-bg-image:url(&#039;https:\/\/campingdelalaune.com\/wp-content\/uploads\/2020\/08\/Chalet-4-a-6-personnes-1-Camping-de-la-Laune-nice-monaco-menton-eze-.png.jpg&#039;);--awb-bg-position:center center;--awb-bg-size:cover;width:33.333333333333%;width:calc(33.333333333333% - ( ( 4% + 4% + 4% ) * 0.33333333333333 ) );margin-right: 4%;\"><div class=\"fusion-column-wrapper fusion-column-has-shadow fusion-flex-column-wrapper-legacy fusion-column-has-bg-image\" data-bg-url=\"https:\/\/campingdelalaune.com\/wp-content\/uploads\/2020\/08\/Chalet-4-a-6-personnes-1-Camping-de-la-Laune-nice-monaco-menton-eze-.png.jpg\"><div class=\"fusion-content-boxes content-boxes columns row fusion-columns-1 fusion-columns-total-1 fusion-content-boxes-2 content-boxes-icon-on-top content-left\" style=\"--awb-backgroundcolor:rgba(255,255,255,0.86);--awb-title-color:#243f6b;--awb-margin-bottom:0px;--awb-hover-accent-color:#323643;--awb-circle-hover-accent-color:#323643;--awb-item-margin-bottom:40px;\" data-animationOffset=\"top-into-view\"><div style=\"--awb-backgroundcolor:rgba(255,255,255,0.73);\" class=\"fusion-column content-box-column content-box-column content-box-column-1 col-lg-12 col-md-12 col-sm-12 fusion-content-box-hover content-box-column-last content-box-column-last-in-row\"><div class=\"col content-box-wrapper content-wrapper-background link-area-box link-type-text icon-hover-animation-pulsate\" data-link=\"https:\/\/campingdelalaune.com\/en\/book-cottage\/\" data-link-target=\"_self\" data-animationOffset=\"top-into-view\"><div class=\"heading icon-left\"><a class=\"heading-link\" href=\"https:\/\/campingdelalaune.com\/en\/book-cottage\/\" target=\"_self\"><h2 class=\"content-box-heading fusion-responsive-typography-calculated\" style=\"--h2_typography-font-size:24px;--fontSize:24;line-height:1.5;\">Book a cottage<\/h2><\/a><\/div><div class=\"fusion-clearfix\"><\/div><div class=\"content-container\">\n<div class=\"fusion-sep-clear\"><\/div><div class=\"fusion-separator fusion-full-width-sep\" style=\"margin-left: auto;margin-right: auto;margin-top:20px;margin-bottom:20px;width:100%;\"><\/div><div class=\"fusion-sep-clear\"><\/div><div class=\"fusion-aligncenter\"><a class=\"fusion-button button-flat fusion-button-default-size button-default fusion-button-default button-2 fusion-button-default-span fusion-button-default-type\" target=\"_self\" href=\"https:\/\/campingdelalaune.com\/en\/book-cottage\/\"><span class=\"fusion-button-text awb-button__text awb-button__text--default fusion-button-text-right\">See more<\/span><span class=\"fusion-button-icon-divider button-icon-divider-right\"><i class=\" fa fa-angle-right awb-button__icon awb-button__icon--default\" aria-hidden=\"true\"><\/i><\/span><\/a><\/div>\n<\/div><\/div><\/div><div class=\"fusion-clearfix\"><\/div><\/div><div class=\"fusion-clearfix\"><\/div><\/div><\/div><div class=\"fusion-layout-column fusion_builder_column fusion-builder-column-4 fusion_builder_column_1_6 1_6 fusion-one-sixth fusion-column-last\" style=\"--awb-bg-size:cover;width:16.666666666667%;width:calc(16.666666666667% - ( ( 4% + 4% + 4% ) * 0.16666666666667 ) );\"><div class=\"fusion-column-wrapper fusion-flex-column-wrapper-legacy\"><div class=\"fusion-clearfix\"><\/div><\/div><\/div><\/div><\/div><\/div><\/p>\n","protected":false},"excerpt":{"rendered":"","protected":false},"author":4,"featured_media":0,"parent":0,"menu_order":0,"comment_status":"closed","ping_status":"closed","template":"","meta":{"footnotes":""},"class_list":["post-5111","page","type-page","status-publish","hentry"],"yoast_head":"<!-- This site is optimized with the Yoast SEO plugin v27.2 - https:\/\/yoast.com\/product\/yoast-seo-wordpress\/ -->\n<title>Book - The Camping de la Laune in Peillon near Nice<\/title>\n<meta name=\"description\" content=\"Book your pitch or rental at Camping de la Laune in Peillon near Nice in the Alpes-Maritimes\" \/>\n<meta name=\"robots\" content=\"index, follow, max-snippet:-1, max-image-preview:large, max-video-preview:-1\" \/>\n<link rel=\"canonical\" href=\"https:\/\/campingdelalaune.com\/en\/book\/\" \/>\n<meta property=\"og:locale\" content=\"en_US\" \/>\n<meta property=\"og:type\" content=\"article\" \/>\n<meta property=\"og:title\" content=\"Book - The Camping de la Laune in Peillon near Nice\" \/>\n<meta property=\"og:description\" content=\"Book your pitch or rental at Camping de la Laune in Peillon near Nice in the Alpes-Maritimes\" \/>\n<meta property=\"og:url\" content=\"https:\/\/campingdelalaune.com\/en\/book\/\" \/>\n<meta property=\"og:site_name\" content=\"Le Camping de la Laune \u00e0 Peillon pr\u00e8s de Nice - Alpes Maritimes\" \/>\n<meta property=\"article:publisher\" content=\"https:\/\/www.facebook.com\/Camping-De-La-Laune-128564187223973\/?ref=bookmarks\" \/>\n<meta property=\"article:modified_time\" content=\"2026-03-26T12:14:38+00:00\" \/>\n<meta name=\"twitter:card\" content=\"summary_large_image\" \/>\n<meta name=\"twitter:label1\" content=\"Est. reading time\" \/>\n\t<meta name=\"twitter:data1\" content=\"1 minute\" \/>\n<script type=\"application\/ld+json\" class=\"yoast-schema-graph\">{\"@context\":\"https:\/\/schema.org\",\"@graph\":[{\"@type\":\"WebPage\",\"@id\":\"https:\/\/campingdelalaune.com\/en\/book\/\",\"url\":\"https:\/\/campingdelalaune.com\/en\/book\/\",\"name\":\"Book - The Camping de la Laune in Peillon near Nice\",\"isPartOf\":{\"@id\":\"https:\/\/campingdelalaune.com\/#website\"},\"datePublished\":\"2020-09-16T12:52:50+00:00\",\"dateModified\":\"2026-03-26T12:14:38+00:00\",\"description\":\"Book your pitch or rental at Camping de la Laune in Peillon near Nice in the Alpes-Maritimes\",\"breadcrumb\":{\"@id\":\"https:\/\/campingdelalaune.com\/en\/book\/#breadcrumb\"},\"inLanguage\":\"en-US\",\"potentialAction\":[{\"@type\":\"ReadAction\",\"target\":[\"https:\/\/campingdelalaune.com\/en\/book\/\"]}]},{\"@type\":\"BreadcrumbList\",\"@id\":\"https:\/\/campingdelalaune.com\/en\/book\/#breadcrumb\",\"itemListElement\":[{\"@type\":\"ListItem\",\"position\":1,\"name\":\"Accueil\",\"item\":\"https:\/\/campingdelalaune.com\/en\/\"},{\"@type\":\"ListItem\",\"position\":2,\"name\":\"Book\"}]},{\"@type\":\"WebSite\",\"@id\":\"https:\/\/campingdelalaune.com\/#website\",\"url\":\"https:\/\/campingdelalaune.com\/\",\"name\":\"Le Camping de la Laune \u00e0 Peillon pr\u00e8s de Nice - Alpes Maritimes\",\"description\":\"Le Camping de la Laune \u00e0 Peillon pr\u00e8s de Nice - Alpes Maritimes\",\"publisher\":{\"@id\":\"https:\/\/campingdelalaune.com\/#organization\"},\"potentialAction\":[{\"@type\":\"SearchAction\",\"target\":{\"@type\":\"EntryPoint\",\"urlTemplate\":\"https:\/\/campingdelalaune.com\/?s={search_term_string}\"},\"query-input\":{\"@type\":\"PropertyValueSpecification\",\"valueRequired\":true,\"valueName\":\"search_term_string\"}}],\"inLanguage\":\"en-US\"},{\"@type\":\"Organization\",\"@id\":\"https:\/\/campingdelalaune.com\/#organization\",\"name\":\"CAMPING DE LA LAUNE\",\"url\":\"https:\/\/campingdelalaune.com\/\",\"logo\":{\"@type\":\"ImageObject\",\"inLanguage\":\"en-US\",\"@id\":\"https:\/\/campingdelalaune.com\/#\/schema\/logo\/image\/\",\"url\":\"https:\/\/campingdelalaune.com\/wp-content\/uploads\/2020\/07\/logo-camping-de-la-laune-1.png\",\"contentUrl\":\"https:\/\/campingdelalaune.com\/wp-content\/uploads\/2020\/07\/logo-camping-de-la-laune-1.png\",\"width\":600,\"height\":309,\"caption\":\"CAMPING DE LA LAUNE\"},\"image\":{\"@id\":\"https:\/\/campingdelalaune.com\/#\/schema\/logo\/image\/\"},\"sameAs\":[\"https:\/\/www.facebook.com\/Camping-De-La-Laune-128564187223973\/?ref=bookmarks\"]}]}<\/script>\n<!-- \/ Yoast SEO plugin. -->","yoast_head_json":{"title":"Book - The Camping de la Laune in Peillon near Nice","description":"Book your pitch or rental at Camping de la Laune in Peillon near Nice in the Alpes-Maritimes","robots":{"index":"index","follow":"follow","max-snippet":"max-snippet:-1","max-image-preview":"max-image-preview:large","max-video-preview":"max-video-preview:-1"},"canonical":"https:\/\/campingdelalaune.com\/en\/book\/","og_locale":"en_US","og_type":"article","og_title":"Book - The Camping de la Laune in Peillon near Nice","og_description":"Book your pitch or rental at Camping de la Laune in Peillon near Nice in the Alpes-Maritimes","og_url":"https:\/\/campingdelalaune.com\/en\/book\/","og_site_name":"Le Camping de la Laune \u00e0 Peillon pr\u00e8s de Nice - Alpes Maritimes","article_publisher":"https:\/\/www.facebook.com\/Camping-De-La-Laune-128564187223973\/?ref=bookmarks","article_modified_time":"2026-03-26T12:14:38+00:00","twitter_card":"summary_large_image","twitter_misc":{"Est. reading time":"1 minute"},"schema":{"@context":"https:\/\/schema.org","@graph":[{"@type":"WebPage","@id":"https:\/\/campingdelalaune.com\/en\/book\/","url":"https:\/\/campingdelalaune.com\/en\/book\/","name":"Book - The Camping de la Laune in Peillon near Nice","isPartOf":{"@id":"https:\/\/campingdelalaune.com\/#website"},"datePublished":"2020-09-16T12:52:50+00:00","dateModified":"2026-03-26T12:14:38+00:00","description":"Book your pitch or rental at Camping de la Laune in Peillon near Nice in the Alpes-Maritimes","breadcrumb":{"@id":"https:\/\/campingdelalaune.com\/en\/book\/#breadcrumb"},"inLanguage":"en-US","potentialAction":[{"@type":"ReadAction","target":["https:\/\/campingdelalaune.com\/en\/book\/"]}]},{"@type":"BreadcrumbList","@id":"https:\/\/campingdelalaune.com\/en\/book\/#breadcrumb","itemListElement":[{"@type":"ListItem","position":1,"name":"Accueil","item":"https:\/\/campingdelalaune.com\/en\/"},{"@type":"ListItem","position":2,"name":"Book"}]},{"@type":"WebSite","@id":"https:\/\/campingdelalaune.com\/#website","url":"https:\/\/campingdelalaune.com\/","name":"Le Camping de la Laune \u00e0 Peillon pr\u00e8s de Nice - Alpes Maritimes","description":"Le Camping de la Laune \u00e0 Peillon pr\u00e8s de Nice - Alpes Maritimes","publisher":{"@id":"https:\/\/campingdelalaune.com\/#organization"},"potentialAction":[{"@type":"SearchAction","target":{"@type":"EntryPoint","urlTemplate":"https:\/\/campingdelalaune.com\/?s={search_term_string}"},"query-input":{"@type":"PropertyValueSpecification","valueRequired":true,"valueName":"search_term_string"}}],"inLanguage":"en-US"},{"@type":"Organization","@id":"https:\/\/campingdelalaune.com\/#organization","name":"CAMPING DE LA LAUNE","url":"https:\/\/campingdelalaune.com\/","logo":{"@type":"ImageObject","inLanguage":"en-US","@id":"https:\/\/campingdelalaune.com\/#\/schema\/logo\/image\/","url":"https:\/\/campingdelalaune.com\/wp-content\/uploads\/2020\/07\/logo-camping-de-la-laune-1.png","contentUrl":"https:\/\/campingdelalaune.com\/wp-content\/uploads\/2020\/07\/logo-camping-de-la-laune-1.png","width":600,"height":309,"caption":"CAMPING DE LA LAUNE"},"image":{"@id":"https:\/\/campingdelalaune.com\/#\/schema\/logo\/image\/"},"sameAs":["https:\/\/www.facebook.com\/Camping-De-La-Laune-128564187223973\/?ref=bookmarks"]}]}},"_links":{"self":[{"href":"https:\/\/campingdelalaune.com\/en\/wp-json\/wp\/v2\/pages\/5111","targetHints":{"allow":["GET"]}}],"collection":[{"href":"https:\/\/campingdelalaune.com\/en\/wp-json\/wp\/v2\/pages"}],"about":[{"href":"https:\/\/campingdelalaune.com\/en\/wp-json\/wp\/v2\/types\/page"}],"author":[{"embeddable":true,"href":"https:\/\/campingdelalaune.com\/en\/wp-json\/wp\/v2\/users\/4"}],"replies":[{"embeddable":true,"href":"https:\/\/campingdelalaune.com\/en\/wp-json\/wp\/v2\/comments?post=5111"}],"version-history":[{"count":13,"href":"https:\/\/campingdelalaune.com\/en\/wp-json\/wp\/v2\/pages\/5111\/revisions"}],"predecessor-version":[{"id":6553,"href":"https:\/\/campingdelalaune.com\/en\/wp-json\/wp\/v2\/pages\/5111\/revisions\/6553"}],"wp:attachment":[{"href":"https:\/\/campingdelalaune.com\/en\/wp-json\/wp\/v2\/media?parent=5111"}],"curies":[{"name":"wp","href":"https:\/\/api.w.org\/{rel}","templated":true}]}}