{"id":5116,"date":"2020-09-16T15:13:57","date_gmt":"2020-09-16T13:13:57","guid":{"rendered":"https:\/\/campingdelalaune.com\/book-a-rental\/"},"modified":"2026-03-23T09:59:48","modified_gmt":"2026-03-23T08:59:48","slug":"book-cottage","status":"publish","type":"page","link":"https:\/\/campingdelalaune.com\/en\/book-cottage\/","title":{"rendered":"Book a cottage"},"content":{"rendered":"<p><div class=\"fusion-fullwidth fullwidth-box fusion-builder-row-1 nonhundred-percent-fullwidth non-hundred-percent-height-scrolling fusion-equal-height-columns\" style=\"--awb-background-position:left top;--awb-border-sizes-top:0px;--awb-border-sizes-bottom:0px;--awb-border-sizes-left:0px;--awb-border-sizes-right:0px;--awb-border-radius-top-left:0px;--awb-border-radius-top-right:0px;--awb-border-radius-bottom-right:0px;--awb-border-radius-bottom-left:0px;--awb-flex-wrap:wrap;\" ><div class=\"fusion-builder-row fusion-row\"><div class=\"fusion-layout-column fusion_builder_column fusion-builder-column-0 fusion_builder_column_1_1 1_1 fusion-one-full fusion-column-first fusion-column-last\" style=\"--awb-bg-size:cover;\"><div class=\"fusion-column-wrapper fusion-flex-column-wrapper-legacy\"><div class=\"fusion-column-content-centered\"><div class=\"fusion-column-content\"><div class=\"fusion-text fusion-text-1\"><h1 style=\"text-align: center;\">To book a cottage<\/h1>\n<\/div><div class=\"fusion-sep-clear\"><\/div><div class=\"fusion-separator fusion-full-width-sep\" style=\"margin-left: auto;margin-right: auto;margin-top:10px;margin-bottom:20px;width:100%;\"><\/div><div class=\"fusion-sep-clear\"><\/div><div class=\"fusion-sep-clear\"><\/div><div class=\"fusion-separator\" style=\"margin-left: auto;margin-right: auto;margin-top:10px;margin-bottom:50px;width:100%;max-width:70px;\"><div class=\"fusion-separator-border sep-single sep-solid\" style=\"--awb-height:20px;--awb-amount:20px;--awb-sep-color:#23cbed;border-color:#23cbed;border-top-width:3px;\"><\/div><\/div><div class=\"fusion-sep-clear\"><\/div><div class=\"fusion-text fusion-text-2\"><p style=\"text-align: justify;\"><i> <\/i><i>To book at Camping de la Laune it is very easy. Please follow the steps below. We take the greatest care to satisfy your requests and always reply the same day or the next morning at the latest.<\/i><\/p>\n<\/div><\/div><\/div><div class=\"fusion-clearfix\"><\/div><\/div><\/div><\/div><\/div><div class=\"fusion-fullwidth fullwidth-box fusion-builder-row-2 nonhundred-percent-fullwidth non-hundred-percent-height-scrolling\" style=\"--awb-border-radius-top-left:0px;--awb-border-radius-top-right:0px;--awb-border-radius-bottom-right:0px;--awb-border-radius-bottom-left:0px;--awb-flex-wrap:wrap;\" ><div class=\"fusion-builder-row fusion-row\"><div class=\"fusion-layout-column fusion_builder_column fusion-builder-column-1 fusion_builder_column_1_1 1_1 fusion-one-full fusion-column-first fusion-column-last\" style=\"--awb-bg-size:cover;\"><div class=\"fusion-column-wrapper fusion-column-has-shadow fusion-flex-column-wrapper-legacy\"><div class=\"fusion-clearfix\"><\/div><\/div><\/div><\/div><\/div><div class=\"fusion-fullwidth fullwidth-box fusion-builder-row-3 fusion-flex-container has-pattern-background has-mask-background nonhundred-percent-fullwidth non-hundred-percent-height-scrolling\" style=\"--awb-background-position:left top;--awb-border-sizes-top:0px;--awb-border-sizes-bottom:0px;--awb-border-sizes-left:0px;--awb-border-sizes-right:0px;--awb-border-color:rgba(234,233,233,0);--awb-border-radius-top-left:0px;--awb-border-radius-top-right:0px;--awb-border-radius-bottom-right:0px;--awb-border-radius-bottom-left:0px;--awb-padding-top:0px;--awb-padding-bottom:55px;--awb-background-color:rgba(255,247,247,0);--awb-flex-wrap:wrap;\" ><div class=\"fusion-builder-row fusion-row fusion-flex-align-items-stretch fusion-flex-justify-content-center fusion-flex-content-wrap\" style=\"max-width:1404px;margin-left: calc(-4% \/ 2 );margin-right: calc(-4% \/ 2 );\"><div class=\"fusion-layout-column fusion_builder_column fusion-builder-column-2 fusion_builder_column_2_3 2_3 fusion-flex-column fusion-flex-align-self-flex-start fusion-column-no-min-height\" style=\"--awb-bg-size:cover;--awb-border-color:#ffffff;--awb-border-top:0;--awb-border-right:0;--awb-border-bottom:0;--awb-border-left:0;--awb-border-style:solid;--awb-width-large:66.666666666667%;--awb-margin-top-large:0px;--awb-spacing-right-large:3.84%;--awb-margin-bottom-large:0px;--awb-spacing-left-large:2.88%;--awb-width-medium:100%;--awb-spacing-right-medium:1.92%;--awb-spacing-left-medium:1.92%;--awb-width-small:100%;--awb-spacing-right-small:1.92%;--awb-spacing-left-small:1.92%;\"><div class=\"fusion-column-wrapper fusion-column-has-shadow fusion-flex-justify-content-center fusion-content-layout-column\"><div class=\"accordian fusion-accordian\" style=\"--awb-border-size:1px;--awb-icon-size:13px;--awb-content-font-size:18px;--awb-icon-alignment:left;--awb-hover-color:#f9f9f9;--awb-border-color:#cccccc;--awb-background-color:#ffffff;--awb-divider-color:#e0dede;--awb-divider-hover-color:#e0dede;--awb-icon-color:#ffffff;--awb-title-color:#1985a1;--awb-content-color:#747a87;--awb-icon-box-color:#243f6b;--awb-toggle-hover-accent-color:#23cbed;--awb-title-font-family:&quot;Roboto&quot;;--awb-title-font-weight:700;--awb-title-font-style:normal;--awb-title-font-size:20px;--awb-title-letter-spacing:0px;--awb-title-line-height:1.5;--awb-content-font-family:&quot;Mulish&quot;;--awb-content-font-style:normal;--awb-content-font-weight:regular;\"><div class=\"panel-group fusion-toggle-icon-boxed\" id=\"accordion-5116-1\"><div class=\"fusion-panel panel-default panel-74e9e68fc5292dd68 fusion-toggle-has-divider\" style=\"--awb-title-color:#1985a1;--awb-content-color:#747a87;\"><div class=\"panel-heading\"><h4 class=\"panel-title toggle\" id=\"toggle_74e9e68fc5292dd68\"><a aria-expanded=\"false\" aria-controls=\"74e9e68fc5292dd68\" role=\"button\" data-toggle=\"collapse\" data-target=\"#74e9e68fc5292dd68\" href=\"#74e9e68fc5292dd68\"><span class=\"fusion-toggle-icon-wrapper\" aria-hidden=\"true\"><i class=\"fa-fusion-box active-icon awb-icon-minus\" aria-hidden=\"true\"><\/i><i class=\"fa-fusion-box inactive-icon awb-icon-plus\" aria-hidden=\"true\"><\/i><\/span><span class=\"fusion-toggle-heading\"> Make a reservation request<\/span><\/a><\/h4><\/div><div id=\"74e9e68fc5292dd68\" class=\"panel-collapse collapse \" aria-labelledby=\"toggle_74e9e68fc5292dd68\"><div class=\"panel-body toggle-content fusion-clearfix\">\n<ul>\n<li class=\"p1\" style=\"text-align: justify;\"><span class=\"s1\">Send us an email to <a href=\"mailto:contact@campingdelalaune.com\"><span class=\"s2\">contact@campingdelalaune.com<\/span><\/a> or via our contact form to check availability.<br \/>\n<\/span><\/li>\n<li><a href=\"https:\/\/campingdelalaune.com\/wp-content\/uploads\/2026\/03\/Reservation-form-2026.pdf\">Reservation form<\/a>.<\/li>\n<li class=\"p1\" style=\"text-align: justify;\">Please let us know the dates and the number of persons<\/li>\n<\/ul>\n<p class=\"p1\" style=\"text-align: justify;\"><span class=\"s1\">\u00a0<\/span><\/p>\n\n<div class=\"wpcf7 no-js\" id=\"wpcf7-f5259-o1\" lang=\"en-US\" dir=\"ltr\" data-wpcf7-id=\"5259\">\n<div class=\"screen-reader-response\"><p role=\"status\" aria-live=\"polite\" aria-atomic=\"true\"><\/p> <ul><\/ul><\/div>\n<form action=\"\/en\/wp-json\/wp\/v2\/pages\/5116#wpcf7-f5259-o1\" method=\"post\" class=\"wpcf7-form init\" aria-label=\"Contact form\" novalidate=\"novalidate\" data-status=\"init\">\n<fieldset class=\"hidden-fields-container\"><input type=\"hidden\" name=\"_wpcf7\" value=\"5259\" \/><input type=\"hidden\" name=\"_wpcf7_version\" value=\"6.1.5\" \/><input type=\"hidden\" name=\"_wpcf7_locale\" value=\"en_US\" \/><input type=\"hidden\" name=\"_wpcf7_unit_tag\" value=\"wpcf7-f5259-o1\" \/><input type=\"hidden\" name=\"_wpcf7_container_post\" value=\"0\" \/><input type=\"hidden\" name=\"_wpcf7_posted_data_hash\" value=\"\" \/><input type=\"hidden\" name=\"_wpcf7_recaptcha_response\" value=\"\" \/>\n<\/fieldset>\n<input type=\"hidden\" autocomplete=\"off\" autocorrect=\"off\" name=\"L-Nwvb-WmM-t-E\" value=\"\" \/><div class=\"fusion-one-third fusion-layout-column fusion-spacing-yes\">\n\t<p><label> Your name <span class=\"wpcf7-form-control-wrap\" data-name=\"your-name\"><input size=\"40\" maxlength=\"400\" class=\"wpcf7-form-control wpcf7-text wpcf7-validates-as-required\" aria-required=\"true\" aria-invalid=\"false\" value=\"\" type=\"text\" name=\"your-name\" \/><\/span> <\/label>\n\t<\/p>\n<\/div>\n<div class=\"fusion-one-third fusion-layout-column fusion-spacing-yes\">\n\t<p><label> Email <span class=\"wpcf7-form-control-wrap\" data-name=\"your-email\"><input size=\"40\" maxlength=\"400\" class=\"wpcf7-form-control wpcf7-email wpcf7-validates-as-required wpcf7-text wpcf7-validates-as-email\" aria-required=\"true\" aria-invalid=\"false\" value=\"\" type=\"email\" name=\"your-email\" \/><\/span><\/label>\n\t<\/p>\n<\/div>\n<div class=\"fusion-one-third fusion-layout-column fusion-column-last fusion-spacing-yes\">\n\t<p><label>Phone number<span class=\"wpcf7-form-control-wrap\" data-name=\"your-tel\"><input size=\"40\" maxlength=\"400\" class=\"wpcf7-form-control wpcf7-tel wpcf7-validates-as-required wpcf7-text wpcf7-validates-as-tel\" aria-required=\"true\" aria-invalid=\"false\" value=\"\" type=\"tel\" name=\"your-tel\" \/><\/span><\/label>\n\t<\/p>\n<\/div>\n<div class=\"fusion-one-third fusion-layout-column fusion-spacing-yes\">\n\t<p><label>Number of guests<span class=\"wpcf7-form-control-wrap\" data-name=\"number-421\"><input class=\"wpcf7-form-control wpcf7-number wpcf7-validates-as-number\" min=\"1\" max=\"200\" step=\"1\" aria-invalid=\"false\" value=\"\" type=\"number\" name=\"number-421\" \/><\/span><\/label>\n\t<\/p>\n<\/div>\n<div class=\"fusion-one-third fusion-layout-column fusion-spacing-yes\">\n\t<p><label>Arrival date<span class=\"wpcf7-form-control-wrap\" data-name=\"date-arrivee\"><input size=\"40\" maxlength=\"400\" class=\"wpcf7-form-control wpcf7-text wpcf7-validates-as-required\" aria-required=\"true\" aria-invalid=\"false\" placeholder=\"dd\/mm\/yyyy\" value=\"\" type=\"text\" name=\"date-arrivee\" \/><\/span><\/label>\n\t<\/p>\n<\/div>\n<div class=\"fusion-one-third fusion-layout-column fusion-column-last fusion-spacing-yes\">\n\t<p><label>Departure date<span class=\"wpcf7-form-control-wrap\" data-name=\"date-depart\"><input size=\"40\" maxlength=\"400\" class=\"wpcf7-form-control wpcf7-text wpcf7-validates-as-required\" aria-required=\"true\" aria-invalid=\"false\" placeholder=\"dd\/mm\/yyyy\" value=\"\" type=\"text\" name=\"date-depart\" \/><\/span><\/label>\n\t<\/p>\n<\/div>\n<p><label>Your message <span class=\"wpcf7-form-control-wrap\" data-name=\"your-message\"><textarea cols=\"40\" rows=\"10\" maxlength=\"2000\" class=\"wpcf7-form-control wpcf7-textarea\" aria-invalid=\"false\" name=\"your-message\"><\/textarea><\/span><\/label>\n<\/p>\n<p><input class=\"wpcf7-form-control wpcf7-submit has-spinner\" type=\"submit\" value=\"Send\" \/>\n<\/p><input type='hidden' class='wpcf7-pum' value='{\"closepopup\":false,\"closedelay\":0,\"openpopup\":false,\"openpopup_id\":0}' \/><div class=\"fusion-alert alert custom alert-custom fusion-alert-center wpcf7-response-output fusion-alert-capitalize awb-alert-native-link-color alert-dismissable awb-alert-close-boxed\" style=\"--awb-border-top-left-radius:0px;--awb-border-top-right-radius:0px;--awb-border-bottom-left-radius:0px;--awb-border-bottom-right-radius:0px;\" role=\"alert\"><div class=\"fusion-alert-content-wrapper\"><span class=\"fusion-alert-content\"><\/span><\/div><button type=\"button\" class=\"close toggle-alert\" data-dismiss=\"alert\" aria-label=\"Close\">&times;<\/button><\/div>\n<\/form>\n<\/div>\n\n<\/div><\/div><\/div><div class=\"fusion-panel panel-default panel-d6c761ab2c395fca6 fusion-toggle-has-divider\" style=\"--awb-title-color:#1985a1;--awb-content-color:#747a87;\"><div class=\"panel-heading\"><h4 class=\"panel-title toggle\" id=\"toggle_d6c761ab2c395fca6\"><a aria-expanded=\"false\" aria-controls=\"d6c761ab2c395fca6\" role=\"button\" data-toggle=\"collapse\" data-target=\"#d6c761ab2c395fca6\" href=\"#d6c761ab2c395fca6\"><span class=\"fusion-toggle-icon-wrapper\" aria-hidden=\"true\"><i class=\"fa-fusion-box active-icon awb-icon-minus\" aria-hidden=\"true\"><\/i><i class=\"fa-fusion-box inactive-icon awb-icon-plus\" aria-hidden=\"true\"><\/i><\/span><span class=\"fusion-toggle-heading\">Answer from us<\/span><\/a><\/h4><\/div><div id=\"d6c761ab2c395fca6\" class=\"panel-collapse collapse \" aria-labelledby=\"toggle_d6c761ab2c395fca6\"><div class=\"panel-body toggle-content fusion-clearfix\">\n<ul>\n<li class=\"p1\" style=\"text-align: justify;\">An answer will be given to you within the day, confirming availability and terms and conditions.<\/li>\n<li class=\"p1\" style=\"text-align: justify;\"><span class=\"s1\">Sending the reservation form <a href=\"https:\/\/campingdelalaune.com\/wp-content\/uploads\/2026\/02\/Reservation-form-2026.pdf\" target=\"_blank\" rel=\"noopener noreferrer\"><span class=\"s2\">Reservation form rental<\/span><\/a><\/span><\/li>\n<\/ul>\n<\/div><\/div><\/div><div class=\"fusion-panel panel-default panel-dcf00b573c6dc4b44 fusion-toggle-has-divider\"><div class=\"panel-heading\"><h4 class=\"panel-title toggle\" id=\"toggle_dcf00b573c6dc4b44\"><a aria-expanded=\"false\" aria-controls=\"dcf00b573c6dc4b44\" role=\"button\" data-toggle=\"collapse\" data-target=\"#dcf00b573c6dc4b44\" href=\"#dcf00b573c6dc4b44\"><span class=\"fusion-toggle-icon-wrapper\" aria-hidden=\"true\"><i class=\"fa-fusion-box active-icon awb-icon-minus\" aria-hidden=\"true\"><\/i><i class=\"fa-fusion-box inactive-icon awb-icon-plus\" aria-hidden=\"true\"><\/i><\/span><span class=\"fusion-toggle-heading\">Confirmation<\/span><\/a><\/h4><\/div><div id=\"dcf00b573c6dc4b44\" class=\"panel-collapse collapse \" aria-labelledby=\"toggle_dcf00b573c6dc4b44\"><div class=\"panel-body toggle-content fusion-clearfix\">\n<ul>\n<li class=\"p1\">Return of the reservation form duly completed<\/li>\n<li class=\"p1\">Payment of the 1st deposit of 30%<\/li>\n<li class=\"p1\">Your reservation is finalized<\/li>\n<\/ul>\n<\/div><\/div><\/div><div class=\"fusion-panel panel-default panel-f9512f0b9a949f0bf fusion-toggle-has-divider\" style=\"--awb-title-color:#1985a1;--awb-content-color:#747a87;\"><div class=\"panel-heading\"><h4 class=\"panel-title toggle\" id=\"toggle_f9512f0b9a949f0bf\"><a aria-expanded=\"false\" aria-controls=\"f9512f0b9a949f0bf\" role=\"button\" data-toggle=\"collapse\" data-target=\"#f9512f0b9a949f0bf\" href=\"#f9512f0b9a949f0bf\"><span class=\"fusion-toggle-icon-wrapper\" aria-hidden=\"true\"><i class=\"fa-fusion-box active-icon awb-icon-minus\" aria-hidden=\"true\"><\/i><i class=\"fa-fusion-box inactive-icon awb-icon-plus\" aria-hidden=\"true\"><\/i><\/span><span class=\"fusion-toggle-heading\">Means of Payment<\/span><\/a><\/h4><\/div><div id=\"f9512f0b9a949f0bf\" class=\"panel-collapse collapse \" aria-labelledby=\"toggle_f9512f0b9a949f0bf\"><div class=\"panel-body toggle-content fusion-clearfix\">\n<ul>\n<li class=\"p1\" style=\"text-align: justify;\">Checks accepted only for the payment of deposits<\/li>\n<li class=\"p1\" style=\"text-align: justify;\">PayPal: the paypal account of the campsite is: <a href=\"mailto:contact@campingdelalaune.com\">contact@campingdelalaune.com<\/a><\/li>\n<li class=\"p1\" style=\"text-align: justify;\">Transfert swift<\/li>\n<li class=\"p1\" style=\"text-align: justify;\">Vacation vouchers: on site or by mail (preferably secure)<\/li>\n<li class=\"p1\" style=\"text-align: justify;\">Credit card : upon arrival or via this secure link :\u00a0<a href=\"https:\/\/pay-pro.monetico.fr\/campingdelalaune\/pay\" target=\"_blank\" rel=\"noopener\">Secure Payment<\/a><\/li>\n<li class=\"p1\" style=\"text-align: justify;\">Cash: upon arrival<\/li>\n<\/ul>\n<\/div><\/div><\/div><\/div><\/div><\/div><\/div><div class=\"fusion-layout-column fusion_builder_column fusion-builder-column-3 fusion_builder_column_1_3 1_3 fusion-flex-column\" style=\"--awb-bg-image:url(&#039;https:\/\/campingdelalaune.com\/wp-content\/uploads\/2020\/07\/Entree-2-Camping-de-la-Laune-nice-monaco-menton-eze-.jpg&#039;);--awb-bg-position:center center;--awb-bg-size:cover;--awb-width-large:33.333333333333%;--awb-margin-top-large:0px;--awb-spacing-right-large:5.76%;--awb-margin-bottom-large:20px;--awb-spacing-left-large:3.84%;--awb-width-medium:100%;--awb-spacing-right-medium:1.92%;--awb-spacing-left-medium:1.92%;--awb-width-small:100%;--awb-spacing-right-small:1.92%;--awb-spacing-left-small:1.92%;\"><div class=\"fusion-column-wrapper fusion-column-has-shadow fusion-flex-justify-content-flex-start fusion-content-layout-column fusion-empty-column-bg-image fusion-column-has-bg-image\" data-bg-url=\"https:\/\/campingdelalaune.com\/wp-content\/uploads\/2020\/07\/Entree-2-Camping-de-la-Laune-nice-monaco-menton-eze-.jpg\"><img decoding=\"async\" class=\"fusion-empty-dims-img-placeholder fusion-no-large-visibility\" aria-label=\"Entree 2-Camping de la Laune -nice -monaco- menton-eze-\" src=\"data:image\/svg+xml,%3Csvg%20xmlns%3D%27http%3A%2F%2Fwww.w3.org%2F2000%2Fsvg%27%20width%3D%27780%27%20height%3D%271040%27%20viewBox%3D%270%200%20780%201040%27%3E%3Crect%20width%3D%27780%27%20height%3D%271040%27%20fill-opacity%3D%220%22%2F%3E%3C%2Fsvg%3E\"><\/div><\/div><\/div><\/div><\/p>\n","protected":false},"excerpt":{"rendered":"","protected":false},"author":4,"featured_media":0,"parent":0,"menu_order":0,"comment_status":"closed","ping_status":"closed","template":"100-width.php","meta":{"footnotes":""},"class_list":["post-5116","page","type-page","status-publish","hentry"],"yoast_head":"<!-- This site is optimized with the Yoast SEO plugin v27.2 - https:\/\/yoast.com\/product\/yoast-seo-wordpress\/ -->\n<title>Book a cottage - Le Camping de la Laune \u00e0 Peillon pr\u00e8s de Nice - Alpes Maritimes<\/title>\n<meta name=\"robots\" content=\"index, follow, max-snippet:-1, max-image-preview:large, max-video-preview:-1\" \/>\n<link rel=\"canonical\" href=\"https:\/\/campingdelalaune.com\/en\/book-cottage\/\" \/>\n<meta property=\"og:locale\" content=\"en_US\" \/>\n<meta property=\"og:type\" content=\"article\" \/>\n<meta property=\"og:title\" content=\"Book a cottage - Le Camping de la Laune \u00e0 Peillon pr\u00e8s de Nice - Alpes Maritimes\" \/>\n<meta property=\"og:url\" content=\"https:\/\/campingdelalaune.com\/en\/book-cottage\/\" \/>\n<meta property=\"og:site_name\" content=\"Le Camping de la Laune \u00e0 Peillon pr\u00e8s de Nice - Alpes Maritimes\" \/>\n<meta property=\"article:publisher\" content=\"https:\/\/www.facebook.com\/Camping-De-La-Laune-128564187223973\/?ref=bookmarks\" \/>\n<meta property=\"article:modified_time\" content=\"2026-03-23T08:59:48+00:00\" \/>\n<meta name=\"twitter:card\" content=\"summary_large_image\" \/>\n<meta name=\"twitter:label1\" content=\"Est. reading time\" \/>\n\t<meta name=\"twitter:data1\" content=\"2 minutes\" \/>\n<script type=\"application\/ld+json\" class=\"yoast-schema-graph\">{\"@context\":\"https:\/\/schema.org\",\"@graph\":[{\"@type\":\"WebPage\",\"@id\":\"https:\/\/campingdelalaune.com\/en\/book-cottage\/\",\"url\":\"https:\/\/campingdelalaune.com\/en\/book-cottage\/\",\"name\":\"Book a cottage - Le Camping de la Laune \u00e0 Peillon pr\u00e8s de Nice - Alpes Maritimes\",\"isPartOf\":{\"@id\":\"https:\/\/campingdelalaune.com\/#website\"},\"datePublished\":\"2020-09-16T13:13:57+00:00\",\"dateModified\":\"2026-03-23T08:59:48+00:00\",\"breadcrumb\":{\"@id\":\"https:\/\/campingdelalaune.com\/en\/book-cottage\/#breadcrumb\"},\"inLanguage\":\"en-US\",\"potentialAction\":[{\"@type\":\"ReadAction\",\"target\":[\"https:\/\/campingdelalaune.com\/en\/book-cottage\/\"]}]},{\"@type\":\"BreadcrumbList\",\"@id\":\"https:\/\/campingdelalaune.com\/en\/book-cottage\/#breadcrumb\",\"itemListElement\":[{\"@type\":\"ListItem\",\"position\":1,\"name\":\"Accueil\",\"item\":\"https:\/\/campingdelalaune.com\/en\/\"},{\"@type\":\"ListItem\",\"position\":2,\"name\":\"Book a cottage\"}]},{\"@type\":\"WebSite\",\"@id\":\"https:\/\/campingdelalaune.com\/#website\",\"url\":\"https:\/\/campingdelalaune.com\/\",\"name\":\"Le Camping de la Laune \u00e0 Peillon pr\u00e8s de Nice - Alpes Maritimes\",\"description\":\"Le Camping de la Laune \u00e0 Peillon pr\u00e8s de Nice - Alpes Maritimes\",\"publisher\":{\"@id\":\"https:\/\/campingdelalaune.com\/#organization\"},\"potentialAction\":[{\"@type\":\"SearchAction\",\"target\":{\"@type\":\"EntryPoint\",\"urlTemplate\":\"https:\/\/campingdelalaune.com\/?s={search_term_string}\"},\"query-input\":{\"@type\":\"PropertyValueSpecification\",\"valueRequired\":true,\"valueName\":\"search_term_string\"}}],\"inLanguage\":\"en-US\"},{\"@type\":\"Organization\",\"@id\":\"https:\/\/campingdelalaune.com\/#organization\",\"name\":\"CAMPING DE LA LAUNE\",\"url\":\"https:\/\/campingdelalaune.com\/\",\"logo\":{\"@type\":\"ImageObject\",\"inLanguage\":\"en-US\",\"@id\":\"https:\/\/campingdelalaune.com\/#\/schema\/logo\/image\/\",\"url\":\"https:\/\/campingdelalaune.com\/wp-content\/uploads\/2020\/07\/logo-camping-de-la-laune-1.png\",\"contentUrl\":\"https:\/\/campingdelalaune.com\/wp-content\/uploads\/2020\/07\/logo-camping-de-la-laune-1.png\",\"width\":600,\"height\":309,\"caption\":\"CAMPING DE LA LAUNE\"},\"image\":{\"@id\":\"https:\/\/campingdelalaune.com\/#\/schema\/logo\/image\/\"},\"sameAs\":[\"https:\/\/www.facebook.com\/Camping-De-La-Laune-128564187223973\/?ref=bookmarks\"]}]}<\/script>\n<!-- \/ Yoast SEO plugin. -->","yoast_head_json":{"title":"Book a cottage - Le Camping de la Laune \u00e0 Peillon pr\u00e8s de Nice - Alpes Maritimes","robots":{"index":"index","follow":"follow","max-snippet":"max-snippet:-1","max-image-preview":"max-image-preview:large","max-video-preview":"max-video-preview:-1"},"canonical":"https:\/\/campingdelalaune.com\/en\/book-cottage\/","og_locale":"en_US","og_type":"article","og_title":"Book a cottage - Le Camping de la Laune \u00e0 Peillon pr\u00e8s de Nice - Alpes Maritimes","og_url":"https:\/\/campingdelalaune.com\/en\/book-cottage\/","og_site_name":"Le Camping de la Laune \u00e0 Peillon pr\u00e8s de Nice - Alpes Maritimes","article_publisher":"https:\/\/www.facebook.com\/Camping-De-La-Laune-128564187223973\/?ref=bookmarks","article_modified_time":"2026-03-23T08:59:48+00:00","twitter_card":"summary_large_image","twitter_misc":{"Est. reading time":"2 minutes"},"schema":{"@context":"https:\/\/schema.org","@graph":[{"@type":"WebPage","@id":"https:\/\/campingdelalaune.com\/en\/book-cottage\/","url":"https:\/\/campingdelalaune.com\/en\/book-cottage\/","name":"Book a cottage - Le Camping de la Laune \u00e0 Peillon pr\u00e8s de Nice - Alpes Maritimes","isPartOf":{"@id":"https:\/\/campingdelalaune.com\/#website"},"datePublished":"2020-09-16T13:13:57+00:00","dateModified":"2026-03-23T08:59:48+00:00","breadcrumb":{"@id":"https:\/\/campingdelalaune.com\/en\/book-cottage\/#breadcrumb"},"inLanguage":"en-US","potentialAction":[{"@type":"ReadAction","target":["https:\/\/campingdelalaune.com\/en\/book-cottage\/"]}]},{"@type":"BreadcrumbList","@id":"https:\/\/campingdelalaune.com\/en\/book-cottage\/#breadcrumb","itemListElement":[{"@type":"ListItem","position":1,"name":"Accueil","item":"https:\/\/campingdelalaune.com\/en\/"},{"@type":"ListItem","position":2,"name":"Book a cottage"}]},{"@type":"WebSite","@id":"https:\/\/campingdelalaune.com\/#website","url":"https:\/\/campingdelalaune.com\/","name":"Le Camping de la Laune \u00e0 Peillon pr\u00e8s de Nice - Alpes Maritimes","description":"Le Camping de la Laune \u00e0 Peillon pr\u00e8s de Nice - Alpes Maritimes","publisher":{"@id":"https:\/\/campingdelalaune.com\/#organization"},"potentialAction":[{"@type":"SearchAction","target":{"@type":"EntryPoint","urlTemplate":"https:\/\/campingdelalaune.com\/?s={search_term_string}"},"query-input":{"@type":"PropertyValueSpecification","valueRequired":true,"valueName":"search_term_string"}}],"inLanguage":"en-US"},{"@type":"Organization","@id":"https:\/\/campingdelalaune.com\/#organization","name":"CAMPING DE LA LAUNE","url":"https:\/\/campingdelalaune.com\/","logo":{"@type":"ImageObject","inLanguage":"en-US","@id":"https:\/\/campingdelalaune.com\/#\/schema\/logo\/image\/","url":"https:\/\/campingdelalaune.com\/wp-content\/uploads\/2020\/07\/logo-camping-de-la-laune-1.png","contentUrl":"https:\/\/campingdelalaune.com\/wp-content\/uploads\/2020\/07\/logo-camping-de-la-laune-1.png","width":600,"height":309,"caption":"CAMPING DE LA LAUNE"},"image":{"@id":"https:\/\/campingdelalaune.com\/#\/schema\/logo\/image\/"},"sameAs":["https:\/\/www.facebook.com\/Camping-De-La-Laune-128564187223973\/?ref=bookmarks"]}]}},"_links":{"self":[{"href":"https:\/\/campingdelalaune.com\/en\/wp-json\/wp\/v2\/pages\/5116","targetHints":{"allow":["GET"]}}],"collection":[{"href":"https:\/\/campingdelalaune.com\/en\/wp-json\/wp\/v2\/pages"}],"about":[{"href":"https:\/\/campingdelalaune.com\/en\/wp-json\/wp\/v2\/types\/page"}],"author":[{"embeddable":true,"href":"https:\/\/campingdelalaune.com\/en\/wp-json\/wp\/v2\/users\/4"}],"replies":[{"embeddable":true,"href":"https:\/\/campingdelalaune.com\/en\/wp-json\/wp\/v2\/comments?post=5116"}],"version-history":[{"count":18,"href":"https:\/\/campingdelalaune.com\/en\/wp-json\/wp\/v2\/pages\/5116\/revisions"}],"predecessor-version":[{"id":6518,"href":"https:\/\/campingdelalaune.com\/en\/wp-json\/wp\/v2\/pages\/5116\/revisions\/6518"}],"wp:attachment":[{"href":"https:\/\/campingdelalaune.com\/en\/wp-json\/wp\/v2\/media?parent=5116"}],"curies":[{"name":"wp","href":"https:\/\/api.w.org\/{rel}","templated":true}]}}