{"id":5278,"date":"2020-09-17T10:43:35","date_gmt":"2020-09-17T08:43:35","guid":{"rendered":"https:\/\/campingdelalaune.com\/legal-notice\/"},"modified":"2021-04-29T12:43:34","modified_gmt":"2021-04-29T10:43:34","slug":"legal-notice","status":"publish","type":"page","link":"https:\/\/campingdelalaune.com\/en\/legal-notice\/","title":{"rendered":"Legal notice"},"content":{"rendered":"<p><div class=\"fusion-fullwidth fullwidth-box fusion-builder-row-1 nonhundred-percent-fullwidth non-hundred-percent-height-scrolling\" style=\"--awb-border-radius-top-left:0px;--awb-border-radius-top-right:0px;--awb-border-radius-bottom-right:0px;--awb-border-radius-bottom-left:0px;--awb-flex-wrap:wrap;\" ><\/div><div class=\"fusion-builder-row fusion-row\"><\/div><div class=\"fusion-layout-column fusion_builder_column fusion-builder-column-0 fusion_builder_column_1_1 1_1 fusion-one-full fusion-column-first fusion-column-last\" style=\"--awb-bg-size:cover;--awb-margin-bottom:0px;width:100%;\"><div class=\"fusion-column-wrapper fusion-flex-column-wrapper-legacy\"><div class=\"fusion-clearfix\"><\/div><\/div><\/div><div class=\"fusion-text fusion-text-1\"><\/p>\n<h1 class=\"p1\" style=\"text-align: center;\"><span class=\"s1\">Legal Notice<\/span><\/h1>\n<p>\n<\/div><div class=\"fusion-sep-clear\"><\/div><div class=\"fusion-separator fusion-full-width-sep\" style=\"margin-left: auto;margin-right: auto;margin-top:30px;width:100%;\"><\/div><div class=\"fusion-sep-clear\"><\/div><div class=\"fusion-text fusion-text-2\"><\/div><\/p>\n<h2><strong>Identification and publication<\/strong><\/h2>\n<p>Users of the www.campingdelalaune.com website are informed of the identity of the various parties involved in its creation and monitoring: This site is published by :<\/p>\n<p>CAMPING DE LA LAUNE whose head office is located at 3724 boulevard de la Vall\u00e9e 06440 Peillon.<br \/>\nTelephone number: 00 33 4 93 79 91 61<br \/>\nSIRET number: 82115684100016<br \/>\nIntracommunity VAT number: FR44821156841<br \/>\nDirector of the publication : Anne-Marie GOUBAREFF<\/p>\n<h2><strong>Trademarks<\/strong><\/h2>\n<p>The trademarks and logos of the company CAMPING DE LA LAUNE appearing on the site are registered trademarks and logos. Any total or partial reproduction of these brands and logos without the express authorisation of CAMPING DE LA LAUNE is prohibited.<\/p>\n<h2><strong>Hosting<\/strong><\/h2>\n<p>The website is hosted by OVH, whose head office is located at 2 rue Kellermann &#8211; 59100<br \/>\nRoubaix &#8211; France.<br \/>\nThe host&#8217;s telephone number is 08 203 203 63 &#8211; indigo number (0.118 \u20ac\/min).<\/p>\n<h2><strong>Cookies<\/strong><\/h2>\n<p>When you visit the website, cookies may be used to process data about your browsing experience. This data is used to improve our services and the use of the website.<br \/>\nBy continuing to browse the website, you agree to the use of the following cookies:<\/p>\n<p>Cookies used for the proper functioning of the site: to memorise display preferences (display settings, languages) for future visits, access to your personal account if the site has a members&#8217; area, the display of interactive maps and the linking of pages together to ensure smooth navigation.<br \/>\nAudience measurement cookies: These allow us to create statistics on page traffic by measuring the number of visits to each page, in order to improve our service and detect malfunctions.<\/p>\n<p>Social cookies: The sharing of content by users of the site can be done using third-party applications such as &#8220;Facebook&#8221;, &#8220;Twitter&#8221; or &#8220;Linkedin&#8221;. Thus the social network providing the sharing tool is likely to identify you thanks to its own cookies.<\/p>\n<p>Language cookies: If the website is offered in different languages, we use cookies to identify the current language of the visitor, the language last viewed and the language of users who have logged in. reCAPTCHA cookies: We use the reCAPTCHA service from Google Inc. (Google) to protect form entries on your site. This service is used to differentiate between human input and<br \/>\nautomated abuse. This involves sending the IP address and possibly other data required by Google for the reCAPTCHA service. For this purpose, your data will be passed on to Google and used by their services. However, your IP address will first be shortened by Google in the Member States of the European Union &#8211; or in other states which are part of the Agreement on the European Economic Area &#8211; and will thus be anonymised. For more information about Google&#8217;s privacy policy, please visit:<br \/>\nhttps:\/\/policies.google.com\/privacy?hl=fr<\/p>\n<p>To disable cookies, you can take the following actions:<\/p>\n<p>You can disable cookies completely in your browser. In this case our site will no longer function normally but you will still be able to perform basic actions.<\/p>\n<p>1\/ if you are using Internet Explorer<br \/>\n&#8211; In Internet Explorer, click on the &#8220;Tools&#8221; button, then on &#8220;Internet Options&#8221;.<br \/>\n&#8211; Under the Privacy tab move the slider up to block all cookies or down to allow all cookies,<br \/>\nthen click OK.<\/p>\n<p>2\/ if you use the Firefox browser<br \/>\n&#8211; Go to the &#8220;Tools&#8221; menu of the browser then select the &#8220;Options&#8221; menu<br \/>\n&#8211; Click on the &#8220;privacy&#8221; tab, uncheck the &#8220;Accept cookies&#8221; box and then click on OK.<\/p>\n<p>3\/ if you are using the Safari browser<br \/>\n&#8211; In your browser, choose the &#8220;Edit&#8221; menu and then select &#8220;Preferences&#8221;.<br \/>\n&#8211; Click on &#8220;Confidentiality&#8221;.<br \/>\n&#8211; Set the &#8220;Block cookies&#8221; setting to &#8220;Always&#8221; and click OK.<\/p>\n<p>4\/ If you use the Google Chrome browser<br \/>\n&#8211; Click on the Chrome menu in the browser toolbar.<br \/>\n&#8211; Select &#8220;Settings&#8221;.<br \/>\n&#8211; Click on &#8220;Show advanced settings&#8221;.<br \/>\n&#8211; In the &#8220;Privacy&#8221; section, click on the &#8220;Content Settings&#8221; button.<br \/>\n&#8211; In the &#8220;Cookies&#8221; section, select &#8220;Block all sites from storing data&#8221; and check the &#8220;Block cookies and third-party data&#8221; box, then click OK.<\/p>\n<h2><strong>Privacy Policy<\/strong><\/h2>\n<p>&#8211; What personal data is collected?<br \/>\nIf our site does not offer user accounts, then no nominative registration of its visitors is made for the simple consultation of the pages. However, when creating an account or using a contact form or an online payment form, you may be asked to provide personal data (first name, last name, email, telephone number, address, etc.). The mandatory nature of this<br \/>\ndata is indicated by an asterisk.<br \/>\nYour IP address may also be collected to help us detect unwanted comments and\/or<br \/>\nopinions.<br \/>\n&#8211; Data is collected during the following actions:<br \/>\nCreating and using a personal account,<br \/>\nCarrying out an online transaction (requesting an appointment, requesting a reservation<br \/>\nusing a contact form),<\/p>\n<p>The use of the contact form, guestbook and\/or comments, Browsing the website and consulting the pages,<br \/>\n&#8211; Embedded content from other sites:<br \/>\nThe pages of this website may include embedded content (e.g. videos, images, articles&#8230;).<br \/>\nEmbedded content from other sites behaves in the same way as if the visitor were on that other site.<br \/>\nThese websites may then collect data about you, use cookies, embed third-party tracking tools, and track your interactions with the embedded content if you have an account with<br \/>\ntheir website.<br \/>\n&#8211; How long will your data be kept?<br \/>\nIf you have created a user account, or used a contact or booking form, your data is stored for a maximum period of 3 years from the last contact and\/or activity on your account.<\/p>\n<p>If you have been involved in an online transaction, your order data will be retained for the duration of the transaction and for the period necessary for evidentiary and dispute management purposes.<br \/>\n&#8211; Who do we share your data with?<br \/>\nYour data is not shared with any third party or partner company.<br \/>\n&#8211; How can I exercise my right to modify and delete my data?<br \/>\nIn accordance with the French Data Protection Act of 6 January 1978 as amended, you have the right to access, rectify, delete, oppose or limit the processing of your data, and withdraw your consent. You can make your request directly using the contact form on the website.<\/p>\n<p><strong>Date of the last update<\/strong><br \/>\nThe last update of this legal notice, privacy policy and terms of use is dated 14\/09\/2020.<\/p>\n","protected":false},"excerpt":{"rendered":"<p>Identification and publication Users of the www.campingdelalaune.com website are informed<\/p>\n","protected":false},"author":4,"featured_media":0,"parent":0,"menu_order":0,"comment_status":"closed","ping_status":"closed","template":"","meta":{"footnotes":""},"class_list":["post-5278","page","type-page","status-publish","hentry"],"yoast_head":"<!-- This site is optimized with the Yoast SEO plugin v27.2 - https:\/\/yoast.com\/product\/yoast-seo-wordpress\/ -->\n<title>Legal notice - Le Camping de la Laune \u00e0 Peillon pr\u00e8s de Nice - Alpes Maritimes<\/title>\n<meta name=\"robots\" content=\"index, follow, max-snippet:-1, max-image-preview:large, max-video-preview:-1\" \/>\n<link rel=\"canonical\" href=\"https:\/\/campingdelalaune.com\/en\/legal-notice\/\" \/>\n<meta property=\"og:locale\" content=\"en_US\" \/>\n<meta property=\"og:type\" content=\"article\" \/>\n<meta property=\"og:title\" content=\"Legal notice - Le Camping de la Laune \u00e0 Peillon pr\u00e8s de Nice - Alpes Maritimes\" \/>\n<meta property=\"og:description\" content=\"Identification and publication Users of the www.campingdelalaune.com website are informed\" \/>\n<meta property=\"og:url\" content=\"https:\/\/campingdelalaune.com\/en\/legal-notice\/\" \/>\n<meta property=\"og:site_name\" content=\"Le Camping de la Laune \u00e0 Peillon pr\u00e8s de Nice - Alpes Maritimes\" \/>\n<meta property=\"article:publisher\" content=\"https:\/\/www.facebook.com\/Camping-De-La-Laune-128564187223973\/?ref=bookmarks\" \/>\n<meta property=\"article:modified_time\" content=\"2021-04-29T10:43:34+00:00\" \/>\n<meta name=\"twitter:card\" content=\"summary_large_image\" \/>\n<meta name=\"twitter:label1\" content=\"Est. reading time\" \/>\n\t<meta name=\"twitter:data1\" content=\"5 minutes\" \/>\n<script type=\"application\/ld+json\" class=\"yoast-schema-graph\">{\"@context\":\"https:\/\/schema.org\",\"@graph\":[{\"@type\":\"WebPage\",\"@id\":\"https:\/\/campingdelalaune.com\/en\/legal-notice\/\",\"url\":\"https:\/\/campingdelalaune.com\/en\/legal-notice\/\",\"name\":\"Legal notice - Le Camping de la Laune \u00e0 Peillon pr\u00e8s de Nice - Alpes Maritimes\",\"isPartOf\":{\"@id\":\"https:\/\/campingdelalaune.com\/#website\"},\"datePublished\":\"2020-09-17T08:43:35+00:00\",\"dateModified\":\"2021-04-29T10:43:34+00:00\",\"breadcrumb\":{\"@id\":\"https:\/\/campingdelalaune.com\/en\/legal-notice\/#breadcrumb\"},\"inLanguage\":\"en-US\",\"potentialAction\":[{\"@type\":\"ReadAction\",\"target\":[\"https:\/\/campingdelalaune.com\/en\/legal-notice\/\"]}]},{\"@type\":\"BreadcrumbList\",\"@id\":\"https:\/\/campingdelalaune.com\/en\/legal-notice\/#breadcrumb\",\"itemListElement\":[{\"@type\":\"ListItem\",\"position\":1,\"name\":\"Accueil\",\"item\":\"https:\/\/campingdelalaune.com\/en\/\"},{\"@type\":\"ListItem\",\"position\":2,\"name\":\"Legal notice\"}]},{\"@type\":\"WebSite\",\"@id\":\"https:\/\/campingdelalaune.com\/#website\",\"url\":\"https:\/\/campingdelalaune.com\/\",\"name\":\"Le Camping de la Laune \u00e0 Peillon pr\u00e8s de Nice - Alpes Maritimes\",\"description\":\"Le Camping de la Laune \u00e0 Peillon pr\u00e8s de Nice - Alpes Maritimes\",\"publisher\":{\"@id\":\"https:\/\/campingdelalaune.com\/#organization\"},\"potentialAction\":[{\"@type\":\"SearchAction\",\"target\":{\"@type\":\"EntryPoint\",\"urlTemplate\":\"https:\/\/campingdelalaune.com\/?s={search_term_string}\"},\"query-input\":{\"@type\":\"PropertyValueSpecification\",\"valueRequired\":true,\"valueName\":\"search_term_string\"}}],\"inLanguage\":\"en-US\"},{\"@type\":\"Organization\",\"@id\":\"https:\/\/campingdelalaune.com\/#organization\",\"name\":\"CAMPING DE LA LAUNE\",\"url\":\"https:\/\/campingdelalaune.com\/\",\"logo\":{\"@type\":\"ImageObject\",\"inLanguage\":\"en-US\",\"@id\":\"https:\/\/campingdelalaune.com\/#\/schema\/logo\/image\/\",\"url\":\"https:\/\/campingdelalaune.com\/wp-content\/uploads\/2020\/07\/logo-camping-de-la-laune-1.png\",\"contentUrl\":\"https:\/\/campingdelalaune.com\/wp-content\/uploads\/2020\/07\/logo-camping-de-la-laune-1.png\",\"width\":600,\"height\":309,\"caption\":\"CAMPING DE LA LAUNE\"},\"image\":{\"@id\":\"https:\/\/campingdelalaune.com\/#\/schema\/logo\/image\/\"},\"sameAs\":[\"https:\/\/www.facebook.com\/Camping-De-La-Laune-128564187223973\/?ref=bookmarks\"]}]}<\/script>\n<!-- \/ Yoast SEO plugin. -->","yoast_head_json":{"title":"Legal notice - Le Camping de la Laune \u00e0 Peillon pr\u00e8s de Nice - Alpes Maritimes","robots":{"index":"index","follow":"follow","max-snippet":"max-snippet:-1","max-image-preview":"max-image-preview:large","max-video-preview":"max-video-preview:-1"},"canonical":"https:\/\/campingdelalaune.com\/en\/legal-notice\/","og_locale":"en_US","og_type":"article","og_title":"Legal notice - Le Camping de la Laune \u00e0 Peillon pr\u00e8s de Nice - Alpes Maritimes","og_description":"Identification and publication Users of the www.campingdelalaune.com website are informed","og_url":"https:\/\/campingdelalaune.com\/en\/legal-notice\/","og_site_name":"Le Camping de la Laune \u00e0 Peillon pr\u00e8s de Nice - Alpes Maritimes","article_publisher":"https:\/\/www.facebook.com\/Camping-De-La-Laune-128564187223973\/?ref=bookmarks","article_modified_time":"2021-04-29T10:43:34+00:00","twitter_card":"summary_large_image","twitter_misc":{"Est. reading time":"5 minutes"},"schema":{"@context":"https:\/\/schema.org","@graph":[{"@type":"WebPage","@id":"https:\/\/campingdelalaune.com\/en\/legal-notice\/","url":"https:\/\/campingdelalaune.com\/en\/legal-notice\/","name":"Legal notice - Le Camping de la Laune \u00e0 Peillon pr\u00e8s de Nice - Alpes Maritimes","isPartOf":{"@id":"https:\/\/campingdelalaune.com\/#website"},"datePublished":"2020-09-17T08:43:35+00:00","dateModified":"2021-04-29T10:43:34+00:00","breadcrumb":{"@id":"https:\/\/campingdelalaune.com\/en\/legal-notice\/#breadcrumb"},"inLanguage":"en-US","potentialAction":[{"@type":"ReadAction","target":["https:\/\/campingdelalaune.com\/en\/legal-notice\/"]}]},{"@type":"BreadcrumbList","@id":"https:\/\/campingdelalaune.com\/en\/legal-notice\/#breadcrumb","itemListElement":[{"@type":"ListItem","position":1,"name":"Accueil","item":"https:\/\/campingdelalaune.com\/en\/"},{"@type":"ListItem","position":2,"name":"Legal notice"}]},{"@type":"WebSite","@id":"https:\/\/campingdelalaune.com\/#website","url":"https:\/\/campingdelalaune.com\/","name":"Le Camping de la Laune \u00e0 Peillon pr\u00e8s de Nice - Alpes Maritimes","description":"Le Camping de la Laune \u00e0 Peillon pr\u00e8s de Nice - Alpes Maritimes","publisher":{"@id":"https:\/\/campingdelalaune.com\/#organization"},"potentialAction":[{"@type":"SearchAction","target":{"@type":"EntryPoint","urlTemplate":"https:\/\/campingdelalaune.com\/?s={search_term_string}"},"query-input":{"@type":"PropertyValueSpecification","valueRequired":true,"valueName":"search_term_string"}}],"inLanguage":"en-US"},{"@type":"Organization","@id":"https:\/\/campingdelalaune.com\/#organization","name":"CAMPING DE LA LAUNE","url":"https:\/\/campingdelalaune.com\/","logo":{"@type":"ImageObject","inLanguage":"en-US","@id":"https:\/\/campingdelalaune.com\/#\/schema\/logo\/image\/","url":"https:\/\/campingdelalaune.com\/wp-content\/uploads\/2020\/07\/logo-camping-de-la-laune-1.png","contentUrl":"https:\/\/campingdelalaune.com\/wp-content\/uploads\/2020\/07\/logo-camping-de-la-laune-1.png","width":600,"height":309,"caption":"CAMPING DE LA LAUNE"},"image":{"@id":"https:\/\/campingdelalaune.com\/#\/schema\/logo\/image\/"},"sameAs":["https:\/\/www.facebook.com\/Camping-De-La-Laune-128564187223973\/?ref=bookmarks"]}]}},"_links":{"self":[{"href":"https:\/\/campingdelalaune.com\/en\/wp-json\/wp\/v2\/pages\/5278","targetHints":{"allow":["GET"]}}],"collection":[{"href":"https:\/\/campingdelalaune.com\/en\/wp-json\/wp\/v2\/pages"}],"about":[{"href":"https:\/\/campingdelalaune.com\/en\/wp-json\/wp\/v2\/types\/page"}],"author":[{"embeddable":true,"href":"https:\/\/campingdelalaune.com\/en\/wp-json\/wp\/v2\/users\/4"}],"replies":[{"embeddable":true,"href":"https:\/\/campingdelalaune.com\/en\/wp-json\/wp\/v2\/comments?post=5278"}],"version-history":[{"count":6,"href":"https:\/\/campingdelalaune.com\/en\/wp-json\/wp\/v2\/pages\/5278\/revisions"}],"predecessor-version":[{"id":5560,"href":"https:\/\/campingdelalaune.com\/en\/wp-json\/wp\/v2\/pages\/5278\/revisions\/5560"}],"wp:attachment":[{"href":"https:\/\/campingdelalaune.com\/en\/wp-json\/wp\/v2\/media?parent=5278"}],"curies":[{"name":"wp","href":"https:\/\/api.w.org\/{rel}","templated":true}]}}